{"id":908,"date":"2021-11-24T19:59:12","date_gmt":"2021-11-24T18:59:12","guid":{"rendered":"https:\/\/www.lleditions.be\/?post_type=product&#038;p=908"},"modified":"2025-06-02T12:59:23","modified_gmt":"2025-06-02T10:59:23","slug":"marlon","status":"publish","type":"product","link":"https:\/\/www.lleditions.be\/index.php\/produit\/marlon\/","title":{"rendered":"Marlon"},"content":{"rendered":"<p>[et_pb_section fb_built=\u00a0\u00bb1&Prime; _builder_version=\u00a0\u00bb4.16&Prime; custom_padding=\u00a0\u00bb0px||||false|false\u00a0\u00bb global_colors_info=\u00a0\u00bb{}\u00a0\u00bb][et_pb_row column_structure=\u00a0\u00bb1_2,1_2&Prime; _builder_version=\u00a0\u00bb4.16&Prime; background_size=\u00a0\u00bbinitial\u00a0\u00bb background_position=\u00a0\u00bbtop_left\u00a0\u00bb background_repeat=\u00a0\u00bbrepeat\u00a0\u00bb width=\u00a0\u00bb100%\u00a0\u00bb custom_margin=\u00a0\u00bb15px||||false|false\u00a0\u00bb custom_padding=\u00a0\u00bb45px||||false|false\u00a0\u00bb global_colors_info=\u00a0\u00bb{}\u00a0\u00bb][et_pb_column type=\u00a0\u00bb1_2&Prime; _builder_version=\u00a0\u00bb4.16&Prime; custom_padding=\u00a0\u00bb|||\u00a0\u00bb global_colors_info=\u00a0\u00bb{}\u00a0\u00bb custom_padding__hover=\u00a0\u00bb|||\u00a0\u00bb][et_pb_text _builder_version=\u00a0\u00bb4.16&Prime; _module_preset=\u00a0\u00bbdefault\u00a0\u00bb text_text_color=\u00a0\u00bb#000000&Prime; text_font_size=\u00a0\u00bb23px\u00a0\u00bb custom_margin=\u00a0\u00bb||5px||false|false\u00a0\u00bb global_colors_info=\u00a0\u00bb{}\u00a0\u00bb]<\/p>\n<p class=\"p1\"><span class=\"s1\">Marlon<\/span><\/p>\n<p>[\/et_pb_text][et_pb_text _builder_version=\u00a0\u00bb4.16&Prime; _module_preset=\u00a0\u00bbdefault\u00a0\u00bb global_colors_info=\u00a0\u00bb{}\u00a0\u00bb]<\/p>\n<p class=\"p1\"><span class=\"s1\"><\/span><\/p>\n<p class=\"p1\"><span class=\"s1\">d&rsquo;Aude Lachaise<\/span><\/p>\n<p>[\/et_pb_text][et_pb_image src=\u00a0\u00bbhttps:\/\/www.lleditions.be\/wp-content\/uploads\/2021\/11\/livre7.jpg\u00a0\u00bb title_text=\u00a0\u00bbMlachaise\u00a0\u00bb _builder_version=\u00a0\u00bb4.16&Prime; _module_preset=\u00a0\u00bbdefault\u00a0\u00bb width=\u00a0\u00bb78%\u00a0\u00bb global_colors_info=\u00a0\u00bb{}\u00a0\u00bb][\/et_pb_image][et_pb_slider _builder_version=\u00a0\u00bb4.16&Prime; _module_preset=\u00a0\u00bbdefault\u00a0\u00bb global_colors_info=\u00a0\u00bb{}\u00a0\u00bb][\/et_pb_slider][\/et_pb_column][et_pb_column type=\u00a0\u00bb1_2&Prime; _builder_version=\u00a0\u00bb4.16&Prime; custom_padding=\u00a0\u00bb|||\u00a0\u00bb global_colors_info=\u00a0\u00bb{}\u00a0\u00bb custom_padding__hover=\u00a0\u00bb|||\u00a0\u00bb][et_pb_divider show_divider=\u00a0\u00bboff\u00a0\u00bb disabled_on=\u00a0\u00bbon|on|off\u00a0\u00bb _builder_version=\u00a0\u00bb4.16&Prime; _module_preset=\u00a0\u00bbdefault\u00a0\u00bb global_colors_info=\u00a0\u00bb{}\u00a0\u00bb][\/et_pb_divider][et_pb_divider show_divider=\u00a0\u00bboff\u00a0\u00bb disabled_on=\u00a0\u00bbon|on|off\u00a0\u00bb _builder_version=\u00a0\u00bb4.16&Prime; _module_preset=\u00a0\u00bbdefault\u00a0\u00bb global_colors_info=\u00a0\u00bb{}\u00a0\u00bb][\/et_pb_divider][et_pb_divider show_divider=\u00a0\u00bboff\u00a0\u00bb disabled_on=\u00a0\u00bbon|on|off\u00a0\u00bb _builder_version=\u00a0\u00bb4.16&Prime; _module_preset=\u00a0\u00bbdefault\u00a0\u00bb global_colors_info=\u00a0\u00bb{}\u00a0\u00bb][\/et_pb_divider][et_pb_divider show_divider=\u00a0\u00bboff\u00a0\u00bb disabled_on=\u00a0\u00bbon|on|off\u00a0\u00bb _builder_version=\u00a0\u00bb4.16&Prime; _module_preset=\u00a0\u00bbdefault\u00a0\u00bb global_colors_info=\u00a0\u00bb{}\u00a0\u00bb][\/et_pb_divider][et_pb_divider show_divider=\u00a0\u00bboff\u00a0\u00bb disabled_on=\u00a0\u00bbon|on|off\u00a0\u00bb _builder_version=\u00a0\u00bb4.16&Prime; _module_preset=\u00a0\u00bbdefault\u00a0\u00bb global_colors_info=\u00a0\u00bb{}\u00a0\u00bb][\/et_pb_divider][et_pb_text _builder_version=\u00a0\u00bb4.16&Prime; _module_preset=\u00a0\u00bbdefault\u00a0\u00bb global_colors_info=\u00a0\u00bb{}\u00a0\u00bb]<\/p>\n<p class=\"p1\"><span class=\"s1\"><em>Marlon<\/em>, un monologue sur le d\u00e9sir.<\/span><span class=\"s2\"><br \/>\u00c0 partir de la figure pr\u00e9texte de Marlon Brando, Aude Lachaise explore avec une irr\u00e9sistible distance ironique les questions de la s\u00e9duction, du d\u00e9sir en g\u00e9n\u00e9ral, du d\u00e9sir sexuel, du d\u00e9sir de vivre, du d\u00e9sir tout puissant qui ali\u00e8ne et frustre. Une fa\u00e7on aussi, de jouer sur les contradictions et oppressions qui relient f\u00e9minisme et patriarcat.<\/span><\/p>\n<p>[\/et_pb_text][et_pb_text _builder_version=\u00a0\u00bb4.16&Prime; _module_preset=\u00a0\u00bbdefault\u00a0\u00bb text_font=\u00a0\u00bbBaskervville||||||||\u00a0\u00bb text_font_size=\u00a0\u00bb16px\u00a0\u00bb global_colors_info=\u00a0\u00bb{}\u00a0\u00bb]<\/p>\n<p class=\"p1\"><span class=\"s1\">\u00ab La mayonnaise monte, comme le d\u00e9sir monte, comme la mar\u00e9e monte. Elle se ramasse autour du fouet, se tend vers toi avec reconnaissance d\u2019avoir eu un projet pour elle. Mais il s\u2019agit de la soutenir jusqu\u2019au bout, car elle est fragile, l\u2019\u00e9mulsion. Un geste malencontreux, une rupture de rythme inappropri\u00e9e et elle s\u2019effondre.<\/span><span class=\"s2\"><br \/><\/span><span class=\"s1\">Et \u00e0 moi, cela me rappelle quelque chose.<\/span><span class=\"s2\"><br \/><\/span><span class=\"s1\">Cela me rappelle ce film dans lequel je joue avec Marlon Brando.<\/span><span class=\"s2\"><br \/><\/span><span class=\"s1\">Mais \u00e7a m\u2019\u00e9tonnerait que vous l\u2019ayez vu. \u00bb<\/span><\/p>\n<p>[\/et_pb_text][et_pb_text _builder_version=\u00a0\u00bb4.16&Prime; _module_preset=\u00a0\u00bbdefault\u00a0\u00bb text_font=\u00a0\u00bb||||||||\u00a0\u00bb border_width_top=\u00a0\u00bb1px\u00a0\u00bb border_color_top=\u00a0\u00bb#B2B2B2&Prime; border_width_bottom=\u00a0\u00bb1px\u00a0\u00bb border_color_bottom=\u00a0\u00bb#B2B2B2&Prime; global_colors_info=\u00a0\u00bb{}\u00a0\u00bb]<\/p>\n<p class=\"p1\"><span class=\"s1\"><\/span><\/p>\n<p class=\"p1\"><span class=\"s1\"><span class=\"s2\">44 pages<\/span><\/span><\/p>\n<p class=\"p1\"><span class=\"s1\">Fruit \u00e9ditorial du projet sc\u00e9nique men\u00e9 par Aude Lachaise \u00e0 L\u2019L : <i>Marlon<\/i>.<\/span><\/p>\n<p class=\"p1\"><span class=\"s1\"><\/span><span class=\"s2\">Lansman Editeur \/ L\u2019L, 2012<\/span><\/p>\n<p class=\"p1\"><span class=\"s2\"><span class=\"s1\">Texte (langue fran\u00e7aise, traduit en n\u00e9erlandais).<\/span><\/span><\/p>\n<p class=\"p1\"><span class=\"s2\"> ISBN 978-2-87282-875-3<\/span><\/p>\n<p class=\"p2\"><span class=\"s2\"><\/span><\/p>\n<p>[\/et_pb_text][et_pb_text _builder_version=\u00a0\u00bb4.27.4&Prime; _module_preset=\u00a0\u00bbdefault\u00a0\u00bb hover_enabled=\u00a0\u00bb0&Prime; global_colors_info=\u00a0\u00bb{}\u00a0\u00bb sticky_enabled=\u00a0\u00bb0&Prime;]<\/p>\n<p class=\"p1\">Cet ouvrage est disponible en consultation dans les locaux de L\u2019L \u00e9ditions ou sur le site de <a href=\"http:\/\/www.lansman.be\/editions\/index.php\" target=\"_blank\" rel=\"noopener\">Lansman \u00c9diteur<\/a><\/p>\n<p><i>Pour toute demande, n\u2019h\u00e9sitez pas \u00e0 nous contacter \u00e0 l\u2019adresse<\/i><em><span class=\"Apple-converted-space\"><span> <a href=\"mailto:contact@lleditions.be\">contact@lleditions.be<\/a><\/span><\/span><\/em><\/p>\n<p>[\/et_pb_text][\/et_pb_column][\/et_pb_row][\/et_pb_section]<\/p>\n","protected":false},"excerpt":{"rendered":"<p>Marlon d&rsquo;Aude LachaiseMarlon, un monologue sur le d\u00e9sir.\u00c0 partir de la figure pr\u00e9texte de Marlon Brando, Aude Lachaise explore avec une irr\u00e9sistible distance ironique les questions de la s\u00e9duction, du d\u00e9sir en g\u00e9n\u00e9ral, du d\u00e9sir sexuel, du d\u00e9sir de vivre, du d\u00e9sir tout puissant qui ali\u00e8ne et frustre. Une fa\u00e7on aussi, de jouer sur les [&hellip;]<\/p>\n","protected":false},"featured_media":567,"template":"","meta":{"_et_pb_use_builder":"on","_et_pb_old_content":"","_et_gb_content_width":""},"product_brand":[],"product_cat":[28,29],"product_tag":[],"class_list":{"0":"post-908","1":"product","2":"type-product","3":"status-publish","4":"has-post-thumbnail","6":"product_cat-avant-2016","7":"product_cat-publications-avant-2017","9":"first","10":"instock","11":"shipping-taxable","12":"product-type-simple"},"_links":{"self":[{"href":"https:\/\/www.lleditions.be\/index.php\/wp-json\/wp\/v2\/product\/908","targetHints":{"allow":["GET"]}}],"collection":[{"href":"https:\/\/www.lleditions.be\/index.php\/wp-json\/wp\/v2\/product"}],"about":[{"href":"https:\/\/www.lleditions.be\/index.php\/wp-json\/wp\/v2\/types\/product"}],"wp:featuredmedia":[{"embeddable":true,"href":"https:\/\/www.lleditions.be\/index.php\/wp-json\/wp\/v2\/media\/567"}],"wp:attachment":[{"href":"https:\/\/www.lleditions.be\/index.php\/wp-json\/wp\/v2\/media?parent=908"}],"wp:term":[{"taxonomy":"product_brand","embeddable":true,"href":"https:\/\/www.lleditions.be\/index.php\/wp-json\/wp\/v2\/product_brand?post=908"},{"taxonomy":"product_cat","embeddable":true,"href":"https:\/\/www.lleditions.be\/index.php\/wp-json\/wp\/v2\/product_cat?post=908"},{"taxonomy":"product_tag","embeddable":true,"href":"https:\/\/www.lleditions.be\/index.php\/wp-json\/wp\/v2\/product_tag?post=908"}],"curies":[{"name":"wp","href":"https:\/\/api.w.org\/{rel}","templated":true}]}}