{"id":43,"date":"2021-10-21T17:15:45","date_gmt":"2021-10-21T15:15:45","guid":{"rendered":"https:\/\/www.lleditions.be\/?post_type=product&#038;p=43"},"modified":"2025-03-17T18:32:01","modified_gmt":"2025-03-17T17:32:01","slug":"cerebrum","status":"publish","type":"product","link":"https:\/\/www.lleditions.be\/index.php\/produit\/cerebrum\/","title":{"rendered":"Cerebrum, le faiseur de r\u00e9alit\u00e9s"},"content":{"rendered":"<p>[et_pb_section fb_built=\u00a0\u00bb1&Prime; _builder_version=\u00a0\u00bb4.16&Prime; custom_padding=\u00a0\u00bb0px||||false|false\u00a0\u00bb global_colors_info=\u00a0\u00bb{}\u00a0\u00bb][et_pb_row _builder_version=\u00a0\u00bb4.16&Prime; background_size=\u00a0\u00bbinitial\u00a0\u00bb background_position=\u00a0\u00bbtop_left\u00a0\u00bb background_repeat=\u00a0\u00bbrepeat\u00a0\u00bb width=\u00a0\u00bb100%\u00a0\u00bb custom_padding=\u00a0\u00bb0px||0px||false|false\u00a0\u00bb global_colors_info=\u00a0\u00bb{}\u00a0\u00bb][et_pb_column type=\u00a0\u00bb4_4&Prime; _builder_version=\u00a0\u00bb4.16&Prime; custom_padding=\u00a0\u00bb|||\u00a0\u00bb global_colors_info=\u00a0\u00bb{}\u00a0\u00bb custom_padding__hover=\u00a0\u00bb|||\u00a0\u00bb][et_pb_wc_cart_notice _builder_version=\u00a0\u00bb4.16&Prime; title_text_color=\u00a0\u00bb#000000&Prime; title_font_size=\u00a0\u00bb13px\u00a0\u00bb background_color=\u00a0\u00bb#FFFFFF\u00a0\u00bb custom_button=\u00a0\u00bbon\u00a0\u00bb button_text_color=\u00a0\u00bb#FFFFFF\u00a0\u00bb border_width_top=\u00a0\u00bb1px\u00a0\u00bb border_color_top=\u00a0\u00bb#B2B2B2&Prime; border_width_bottom=\u00a0\u00bb1px\u00a0\u00bb border_color_bottom=\u00a0\u00bb#B2B2B2&Prime; body_text_color=\u00a0\u00bb#000000&Prime; body_font_size=\u00a0\u00bb13px\u00a0\u00bb global_colors_info=\u00a0\u00bb{}\u00a0\u00bb][\/et_pb_wc_cart_notice][\/et_pb_column][\/et_pb_row][et_pb_row column_structure=\u00a0\u00bb1_2,1_2&Prime; _builder_version=\u00a0\u00bb4.16&Prime; background_size=\u00a0\u00bbinitial\u00a0\u00bb background_position=\u00a0\u00bbtop_left\u00a0\u00bb background_repeat=\u00a0\u00bbrepeat\u00a0\u00bb width=\u00a0\u00bb100%\u00a0\u00bb custom_padding=\u00a0\u00bb0px||||false|false\u00a0\u00bb global_colors_info=\u00a0\u00bb{}\u00a0\u00bb][et_pb_column type=\u00a0\u00bb1_2&Prime; _builder_version=\u00a0\u00bb4.16&Prime; custom_padding=\u00a0\u00bb|||\u00a0\u00bb global_colors_info=\u00a0\u00bb{}\u00a0\u00bb custom_padding__hover=\u00a0\u00bb|||\u00a0\u00bb][et_pb_wc_title _builder_version=\u00a0\u00bb4.16&Prime; header_font_size=\u00a0\u00bb24px\u00a0\u00bb global_colors_info=\u00a0\u00bb{}\u00a0\u00bb][\/et_pb_wc_title][et_pb_text _builder_version=\u00a0\u00bb4.16&Prime; _module_preset=\u00a0\u00bbdefault\u00a0\u00bb global_colors_info=\u00a0\u00bb{}\u00a0\u00bb]<\/p>\n<p>d&rsquo;Yvain Juillard<\/p>\n<p>Collection Voies Cr\u00e9atives<\/p>\n<p>[\/et_pb_text][et_pb_image src=\u00a0\u00bbhttps:\/\/www.lleditions.be\/wp-content\/uploads\/2021\/12\/Cerebrum_coverml2-scaled.jpg\u00a0\u00bb title_text=\u00a0\u00bbCerebrum_coverml2&Prime; show_in_lightbox=\u00a0\u00bbon\u00a0\u00bb use_overlay=\u00a0\u00bbon\u00a0\u00bb overlay_icon_color=\u00a0\u00bb#FCA311&Prime; hover_overlay_color=\u00a0\u00bbrgba(255,255,255,0.63)\u00a0\u00bb hover_icon=\u00a0\u00bb&#x4c;||divi||400&Prime; _builder_version=\u00a0\u00bb4.16&Prime; _module_preset=\u00a0\u00bbdefault\u00a0\u00bb width=\u00a0\u00bb100%\u00a0\u00bb global_colors_info=\u00a0\u00bb{}\u00a0\u00bb][\/et_pb_image][et_pb_gallery gallery_ids=\u00a0\u00bb753,813,814,754,755,756,757&Prime; fullwidth=\u00a0\u00bbon\u00a0\u00bb disabled_on=\u00a0\u00bbon|on|off\u00a0\u00bb _builder_version=\u00a0\u00bb4.16&Prime; _module_preset=\u00a0\u00bbdefault\u00a0\u00bb title_text_color=\u00a0\u00bbRGBA(0,0,0,0)\u00a0\u00bb caption_text_align=\u00a0\u00bbleft\u00a0\u00bb pagination_font=\u00a0\u00bb|300|||||||\u00a0\u00bb pagination_text_color=\u00a0\u00bb#FCA311&Prime; pagination_font_size=\u00a0\u00bb1px\u00a0\u00bb text_orientation=\u00a0\u00bbleft\u00a0\u00bb global_colors_info=\u00a0\u00bb{}\u00a0\u00bb][\/et_pb_gallery][et_pb_text disabled_on=\u00a0\u00bbon|on|off\u00a0\u00bb _builder_version=\u00a0\u00bb4.16&Prime; _module_preset=\u00a0\u00bbdefault\u00a0\u00bb text_font_size=\u00a0\u00bb10px\u00a0\u00bb locked=\u00a0\u00bboff\u00a0\u00bb global_colors_info=\u00a0\u00bb{}\u00a0\u00bb]<\/p>\n<p><em>Cliquez sur l&rsquo;image pour l&rsquo;agrandir<\/em><\/p>\n<p>[\/et_pb_text][et_pb_slider _builder_version=\u00a0\u00bb4.16&Prime; _module_preset=\u00a0\u00bbdefault\u00a0\u00bb global_colors_info=\u00a0\u00bb{}\u00a0\u00bb][\/et_pb_slider][\/et_pb_column][et_pb_column type=\u00a0\u00bb1_2&Prime; _builder_version=\u00a0\u00bb4.16&Prime; custom_padding=\u00a0\u00bb|||\u00a0\u00bb global_colors_info=\u00a0\u00bb{}\u00a0\u00bb custom_padding__hover=\u00a0\u00bb|||\u00a0\u00bb][et_pb_divider show_divider=\u00a0\u00bboff\u00a0\u00bb disabled_on=\u00a0\u00bbon|on|off\u00a0\u00bb _builder_version=\u00a0\u00bb4.16&Prime; _module_preset=\u00a0\u00bbdefault\u00a0\u00bb global_colors_info=\u00a0\u00bb{}\u00a0\u00bb][\/et_pb_divider][et_pb_divider show_divider=\u00a0\u00bboff\u00a0\u00bb disabled_on=\u00a0\u00bbon|on|off\u00a0\u00bb _builder_version=\u00a0\u00bb4.16&Prime; _module_preset=\u00a0\u00bbdefault\u00a0\u00bb global_colors_info=\u00a0\u00bb{}\u00a0\u00bb][\/et_pb_divider][et_pb_divider show_divider=\u00a0\u00bboff\u00a0\u00bb disabled_on=\u00a0\u00bbon|on|off\u00a0\u00bb _builder_version=\u00a0\u00bb4.16&Prime; _module_preset=\u00a0\u00bbdefault\u00a0\u00bb global_colors_info=\u00a0\u00bb{}\u00a0\u00bb][\/et_pb_divider][et_pb_divider show_divider=\u00a0\u00bboff\u00a0\u00bb disabled_on=\u00a0\u00bbon|on|off\u00a0\u00bb _builder_version=\u00a0\u00bb4.16&Prime; _module_preset=\u00a0\u00bbdefault\u00a0\u00bb global_colors_info=\u00a0\u00bb{}\u00a0\u00bb][\/et_pb_divider][et_pb_divider show_divider=\u00a0\u00bboff\u00a0\u00bb disabled_on=\u00a0\u00bbon|on|off\u00a0\u00bb _builder_version=\u00a0\u00bb4.16&Prime; _module_preset=\u00a0\u00bbdefault\u00a0\u00bb global_colors_info=\u00a0\u00bb{}\u00a0\u00bb][\/et_pb_divider][et_pb_text _builder_version=\u00a0\u00bb4.16&Prime; _module_preset=\u00a0\u00bbdefault\u00a0\u00bb global_colors_info=\u00a0\u00bb{}\u00a0\u00bb]<\/p>\n<p class=\"p1\"><i>Cerebrum, le faiseur de r\u00e9alit\u00e9s<\/i> est une conf\u00e9rence-spectacle sur la nature m\u00eame de nos r\u00e9alit\u00e9s, afin de mieux saisir le fonctionnement troublant de notre cerveau&#8230;<span class=\"Apple-converted-space\">\u00a0<\/span><br \/>Ce livre tente de vous plonger dans le pr\u00e9sent d\u2019une repr\u00e9sentation, o\u00f9 s\u2019entrem\u00ealent avec fluidit\u00e9, histoires, r\u00e9flexions et exp\u00e9rimentations ludiques pour le moins surprenantes.<\/p>\n<p>[\/et_pb_text][et_pb_text _builder_version=\u00a0\u00bb4.16&Prime; _module_preset=\u00a0\u00bbdefault\u00a0\u00bb text_font=\u00a0\u00bbBaskervville||||||||\u00a0\u00bb text_font_size=\u00a0\u00bb17px\u00a0\u00bb global_colors_info=\u00a0\u00bb{}\u00a0\u00bb]<\/p>\n<p class=\"p1\"><span class=\"s1\">\u00ab <\/span>Au tout d\u00e9but, tous les \u00eatres humains pensaient que la terre \u00e9tait <i>plate parce qu\u2019effectivement c\u2019est ce qu\u2019on voit<\/i>, et encore aujourd\u2019hui. Puis, ils ont r\u00e9alis\u00e9 qu\u2019en fait elle \u00e9tait ronde.<\/p>\n<p class=\"p1\">Ensuite, ils se sont rendus compte que c\u2019est la terre qui tourne autour du soleil, et non l\u2019inverse, m\u00eame si c\u2019est le soleil qu\u2019on voit bouger. Il se l\u00e8ve \u00e0 l\u2019est et se couche \u00e0 l\u2019ouest.<\/p>\n<p class=\"p1\">Aujourd\u2019hui, il est largement admis par la communaut\u00e9 neuroscientifique, comme le proposait l\u2019ami Kant, que notre r\u00e9alit\u00e9 est un ph\u00e9nom\u00e8ne que CR\u00c9E<i>\u00a0<\/i>notre cerveau\u2026 \u00bb<\/p>\n<p>[\/et_pb_text][et_pb_text _builder_version=\u00a0\u00bb4.16&Prime; _module_preset=\u00a0\u00bbdefault\u00a0\u00bb text_font=\u00a0\u00bb||||||||\u00a0\u00bb global_colors_info=\u00a0\u00bb{}\u00a0\u00bb]<\/p>\n<p class=\"p1\">N\u00e9 en 1979, Yvain Juillard, acteur et biophysicien sp\u00e9cialis\u00e9 dans la plasticit\u00e9 c\u00e9r\u00e9brale, a fond\u00e9 la compagnie Les faiseurs de r\u00e9alit\u00e9s en 2015. Son travail se caract\u00e9rise<span class=\"Apple-converted-space\">\u00a0<\/span>par de longues p\u00e9riodes de recherche et de collaborations<span class=\"Apple-converted-space\">\u00a0<\/span>au cours desquelles il tente d\u2019int\u00e9grer aux arts vivants<span class=\"Apple-converted-space\">\u00a0<\/span>le champ des neurosciences cognitives.<\/p>\n<p class=\"p1\"><em>Le texte <\/em>Cerebrum, le faiseur de r\u00e9alit\u00e9s<em> est reconnu d\u2019int\u00e9r\u00eat <\/em><em>g\u00e9n\u00e9ral par le CNRS (France) et Laur\u00e9at 2020 du Label d\u2019utilit\u00e9 <\/em><em>publique\/Cocof (Belgique).<\/em><\/p>\n<p>[\/et_pb_text][et_pb_text _builder_version=\u00a0\u00bb4.16&Prime; _module_preset=\u00a0\u00bbdefault\u00a0\u00bb text_font=\u00a0\u00bb||||||||\u00a0\u00bb border_width_top=\u00a0\u00bb1px\u00a0\u00bb border_color_top=\u00a0\u00bb#B2B2B2&Prime; border_width_bottom=\u00a0\u00bb1px\u00a0\u00bb border_color_bottom=\u00a0\u00bb#B2B2B2&Prime; global_colors_info=\u00a0\u00bb{}\u00a0\u00bb]<\/p>\n<p class=\"p2\"><span class=\"s2\"><\/span><\/p>\n<p class=\"p2\"><span class=\"s2\">166 pages\u00a0<\/span><\/p>\n<p class=\"p2\"><span class=\"s2\">L\u2019L \u00e9ditions, janvier 2021<\/span><\/p>\n<p class=\"p2\"><span class=\"s2\">ISBN 978-2-9601533-2-3<\/span><\/p>\n<p class=\"p2\"><span class=\"s2\">Impression Graphius\/Brussels<\/span><\/p>\n<p class=\"p2\"><span class=\"s2\"><\/span><\/p>\n<p>[\/et_pb_text][et_pb_wc_price _builder_version=\u00a0\u00bb4.16&Prime; body_text_color=\u00a0\u00bb#000000&Prime; body_font_size=\u00a0\u00bb15px\u00a0\u00bb global_colors_info=\u00a0\u00bb{}\u00a0\u00bb][\/et_pb_wc_price][et_pb_wc_add_to_cart show_quantity=\u00a0\u00bboff\u00a0\u00bb show_stock=\u00a0\u00bboff\u00a0\u00bb _builder_version=\u00a0\u00bb4.16&Prime; field_label_font=\u00a0\u00bb|600|||||||\u00a0\u00bb button_icon_color=\u00a0\u00bb#FCA311&Prime; body_font=\u00a0\u00bb|600|||||||\u00a0\u00bb global_colors_info=\u00a0\u00bb{}\u00a0\u00bb][\/et_pb_wc_add_to_cart][\/et_pb_column][\/et_pb_row][\/et_pb_section]<\/p>\n","protected":false},"excerpt":{"rendered":"<p class=\"p1\"><span class=\"s1\">Cerebrum, le faiseur de r\u00e9alit\u00e9s<\/span><\/p>\n<p class=\"p2\"><span class=\"s1\">Texte d\u2019Yvain Juillard<\/span><\/p>\n<p class=\"p1\"><span class=\"s1\">Collection Voies cr\u00e9atives<\/span><\/p>\n<p class=\"p4\"><span class=\"s2\">Ce livre<i>\u00a0<\/i>tente de\u00a0saisir la \u00abvie\u00bb de la conf\u00e9rence-spectacle \u00e9ponyme d\u2019Yvain Juillard, cr\u00e9\u00e9e en 2015 au Th\u00e9\u00e2tre de la Balsamine \u00e0 Bruxelles. Un plongeon dans le pr\u00e9sent d\u2019une repr\u00e9sentation o\u00f9 s\u2019entrem\u00ealent avec fluidit\u00e9, histoires, r\u00e9flexions et exp\u00e9rimentations ludiques pour le moins surprenantes, afin de mieux saisir le fonctionnement troublant de notre cerveau.<\/span><\/p>\n","protected":false},"featured_media":42,"template":"","meta":{"_et_pb_use_builder":"on","_et_pb_old_content":"<span class=\"s2\">Ce livre<i>\u00a0<\/i>tente de\u00a0saisir la \u00abvie\u00bb de la conf\u00e9rence-spectacle \u00e9ponyme d\u2019Yvain Juillard, cr\u00e9\u00e9e en 2015 au Th\u00e9\u00e2tre de la Balsamine \u00e0 Bruxelles. Un plongeon dans le pr\u00e9sent d\u2019une repr\u00e9sentation o\u00f9 s\u2019entrem\u00ealent avec fluidit\u00e9, histoires, r\u00e9flexions et exp\u00e9rimentations ludiques pour le moins surprenantes, afin de mieux saisir le fonctionnement troublant de notre cerveau.<\/span>","_et_gb_content_width":""},"product_brand":[],"product_cat":[16,17],"product_tag":[],"class_list":{"0":"post-43","1":"product","2":"type-product","3":"status-publish","4":"has-post-thumbnail","6":"product_cat-16","7":"product_cat-voies-creatives","9":"first","10":"instock","11":"shipping-taxable","12":"purchasable","13":"product-type-simple"},"_links":{"self":[{"href":"https:\/\/www.lleditions.be\/index.php\/wp-json\/wp\/v2\/product\/43","targetHints":{"allow":["GET"]}}],"collection":[{"href":"https:\/\/www.lleditions.be\/index.php\/wp-json\/wp\/v2\/product"}],"about":[{"href":"https:\/\/www.lleditions.be\/index.php\/wp-json\/wp\/v2\/types\/product"}],"wp:featuredmedia":[{"embeddable":true,"href":"https:\/\/www.lleditions.be\/index.php\/wp-json\/wp\/v2\/media\/42"}],"wp:attachment":[{"href":"https:\/\/www.lleditions.be\/index.php\/wp-json\/wp\/v2\/media?parent=43"}],"wp:term":[{"taxonomy":"product_brand","embeddable":true,"href":"https:\/\/www.lleditions.be\/index.php\/wp-json\/wp\/v2\/product_brand?post=43"},{"taxonomy":"product_cat","embeddable":true,"href":"https:\/\/www.lleditions.be\/index.php\/wp-json\/wp\/v2\/product_cat?post=43"},{"taxonomy":"product_tag","embeddable":true,"href":"https:\/\/www.lleditions.be\/index.php\/wp-json\/wp\/v2\/product_tag?post=43"}],"curies":[{"name":"wp","href":"https:\/\/api.w.org\/{rel}","templated":true}]}}