{"id":413,"date":"2021-11-09T12:22:58","date_gmt":"2021-11-09T11:22:58","guid":{"rendered":"https:\/\/www.lleditions.be\/?post_type=product&#038;p=413"},"modified":"2024-12-21T16:40:35","modified_gmt":"2024-12-21T15:40:35","slug":"la-singuliere-aventure-de-ll-fascicule-1","status":"publish","type":"product","link":"https:\/\/www.lleditions.be\/index.php\/produit\/la-singuliere-aventure-de-ll-fascicule-1\/","title":{"rendered":"La singuli\u00e8re aventure de L&rsquo;L, fascicule 1"},"content":{"rendered":"<p>[et_pb_section fb_built=\u00a0\u00bb1&Prime; custom_padding_last_edited=\u00a0\u00bbon|desktop\u00a0\u00bb _builder_version=\u00a0\u00bb4.16&Prime; custom_padding=\u00a0\u00bb15px||||false|false\u00a0\u00bb custom_padding_tablet=\u00a0\u00bb5px||||false|false\u00a0\u00bb custom_padding_phone=\u00a0\u00bb5px||||false|false\u00a0\u00bb global_colors_info=\u00a0\u00bb{}\u00a0\u00bb][et_pb_row column_structure=\u00a0\u00bb1_2,1_2&Prime; custom_padding_last_edited=\u00a0\u00bbon|desktop\u00a0\u00bb _builder_version=\u00a0\u00bb4.16&Prime; background_size=\u00a0\u00bbinitial\u00a0\u00bb background_position=\u00a0\u00bbtop_left\u00a0\u00bb background_repeat=\u00a0\u00bbrepeat\u00a0\u00bb width=\u00a0\u00bb100%\u00a0\u00bb custom_margin=\u00a0\u00bb0px||||false|false\u00a0\u00bb custom_padding=\u00a0\u00bb0px||||false|false\u00a0\u00bb custom_padding_tablet=\u00a0\u00bb0px||||false|false\u00a0\u00bb custom_padding_phone=\u00a0\u00bb0px||||false|false\u00a0\u00bb global_colors_info=\u00a0\u00bb{}\u00a0\u00bb][et_pb_column type=\u00a0\u00bb1_2&Prime; _builder_version=\u00a0\u00bb4.16&Prime; custom_padding=\u00a0\u00bb|||\u00a0\u00bb global_colors_info=\u00a0\u00bb{}\u00a0\u00bb custom_padding__hover=\u00a0\u00bb|||\u00a0\u00bb][et_pb_text _builder_version=\u00a0\u00bb4.16&Prime; _module_preset=\u00a0\u00bbdefault\u00a0\u00bb text_text_color=\u00a0\u00bb#000000&Prime; text_font_size=\u00a0\u00bb23px\u00a0\u00bb custom_margin=\u00a0\u00bb||5px||false|false\u00a0\u00bb global_colors_info=\u00a0\u00bb{}\u00a0\u00bb]Chercher avec l&rsquo;aventure de L&rsquo;L <br \/>depuis les arts vivants[\/et_pb_text][et_pb_text _builder_version=\u00a0\u00bb4.21.0&Prime; _module_preset=\u00a0\u00bbdefault\u00a0\u00bb text_text_color=\u00a0\u00bb#000000&Prime; text_font_size=\u00a0\u00bb21px\u00a0\u00bb custom_margin=\u00a0\u00bb5px||5px||true|false\u00a0\u00bb global_colors_info=\u00a0\u00bb{}\u00a0\u00bb]<\/p>\n<p>Fascicule 1. La singuli\u00e8re aventure de L&rsquo;L<\/p>\n<p>[\/et_pb_text][et_pb_text admin_label=\u00a0\u00bbTexte\u00a0\u00bb _builder_version=\u00a0\u00bb4.16&Prime; _module_preset=\u00a0\u00bbdefault\u00a0\u00bb global_colors_info=\u00a0\u00bb{}\u00a0\u00bb]<\/p>\n<p class=\"p1\"><span class=\"s1\"><\/span><\/p>\n<p class=\"p1\"><span class=\"s1\">de Pierre Boitte<\/span><\/p>\n<p class=\"p1\"><span class=\"s1\">Collection Questions ouvertes<\/span><\/p>\n<p>[\/et_pb_text][et_pb_image src=\u00a0\u00bbhttps:\/\/www.lleditions.be\/wp-content\/uploads\/2021\/11\/fascicule1_cover3.jpg\u00a0\u00bb title_text=\u00a0\u00bbfascicule1_cover3&Prime; show_in_lightbox=\u00a0\u00bbon\u00a0\u00bb use_overlay=\u00a0\u00bbon\u00a0\u00bb overlay_icon_color=\u00a0\u00bb#FCA311&Prime; hover_overlay_color=\u00a0\u00bbrgba(255,255,255,0.46)\u00a0\u00bb hover_icon=\u00a0\u00bb&#x4c;||divi||400&Prime; _builder_version=\u00a0\u00bb4.16&Prime; _module_preset=\u00a0\u00bbdefault\u00a0\u00bb width=\u00a0\u00bb93%\u00a0\u00bb global_colors_info=\u00a0\u00bb{}\u00a0\u00bb][\/et_pb_image][et_pb_gallery gallery_ids=\u00a0\u00bb1232,1230,1231&Prime; fullwidth=\u00a0\u00bbon\u00a0\u00bb _builder_version=\u00a0\u00bb4.16&Prime; _module_preset=\u00a0\u00bbdefault\u00a0\u00bb title_text_color=\u00a0\u00bbRGBA(0,0,0,0)\u00a0\u00bb caption_text_align=\u00a0\u00bbleft\u00a0\u00bb pagination_font=\u00a0\u00bb|300|||||||\u00a0\u00bb pagination_text_color=\u00a0\u00bb#FCA311&Prime; pagination_font_size=\u00a0\u00bb1px\u00a0\u00bb text_orientation=\u00a0\u00bbleft\u00a0\u00bb global_colors_info=\u00a0\u00bb{}\u00a0\u00bb][\/et_pb_gallery][et_pb_text disabled_on=\u00a0\u00bbon|on|off\u00a0\u00bb _builder_version=\u00a0\u00bb4.16&Prime; _module_preset=\u00a0\u00bbdefault\u00a0\u00bb text_font_size=\u00a0\u00bb10px\u00a0\u00bb locked=\u00a0\u00bboff\u00a0\u00bb global_colors_info=\u00a0\u00bb{}\u00a0\u00bb]<\/p>\n<p><em>Cliquez sur l&rsquo;image pour l&rsquo;agrandir<\/em><\/p>\n<p>[\/et_pb_text][et_pb_slider _builder_version=\u00a0\u00bb4.16&Prime; _module_preset=\u00a0\u00bbdefault\u00a0\u00bb global_colors_info=\u00a0\u00bb{}\u00a0\u00bb][\/et_pb_slider][\/et_pb_column][et_pb_column type=\u00a0\u00bb1_2&Prime; _builder_version=\u00a0\u00bb4.16&Prime; custom_padding=\u00a0\u00bb|||\u00a0\u00bb global_colors_info=\u00a0\u00bb{}\u00a0\u00bb custom_padding__hover=\u00a0\u00bb|||\u00a0\u00bb][et_pb_divider show_divider=\u00a0\u00bboff\u00a0\u00bb disabled_on=\u00a0\u00bbon|on|off\u00a0\u00bb _builder_version=\u00a0\u00bb4.16&Prime; _module_preset=\u00a0\u00bbdefault\u00a0\u00bb global_colors_info=\u00a0\u00bb{}\u00a0\u00bb][\/et_pb_divider][et_pb_divider show_divider=\u00a0\u00bboff\u00a0\u00bb disabled_on=\u00a0\u00bbon|on|off\u00a0\u00bb _builder_version=\u00a0\u00bb4.16&Prime; _module_preset=\u00a0\u00bbdefault\u00a0\u00bb global_colors_info=\u00a0\u00bb{}\u00a0\u00bb][\/et_pb_divider][et_pb_divider show_divider=\u00a0\u00bboff\u00a0\u00bb disabled_on=\u00a0\u00bbon|on|off\u00a0\u00bb _builder_version=\u00a0\u00bb4.16&Prime; _module_preset=\u00a0\u00bbdefault\u00a0\u00bb global_colors_info=\u00a0\u00bb{}\u00a0\u00bb][\/et_pb_divider][et_pb_divider show_divider=\u00a0\u00bboff\u00a0\u00bb disabled_on=\u00a0\u00bbon|on|off\u00a0\u00bb _builder_version=\u00a0\u00bb4.16&Prime; _module_preset=\u00a0\u00bbdefault\u00a0\u00bb global_colors_info=\u00a0\u00bb{}\u00a0\u00bb][\/et_pb_divider][et_pb_divider show_divider=\u00a0\u00bboff\u00a0\u00bb disabled_on=\u00a0\u00bbon|on|off\u00a0\u00bb _builder_version=\u00a0\u00bb4.16&Prime; _module_preset=\u00a0\u00bbdefault\u00a0\u00bb global_colors_info=\u00a0\u00bb{}\u00a0\u00bb][\/et_pb_divider][et_pb_text _builder_version=\u00a0\u00bb4.16&Prime; _module_preset=\u00a0\u00bbdefault\u00a0\u00bb global_colors_info=\u00a0\u00bb{}\u00a0\u00bb]<\/p>\n<p class=\"p1\">Ce premier fascicule tente d\u2019exprimer la voix de L\u2019L<span class=\"Apple-converted-space\">\u00a0<\/span>et de rendre visible l\u2019activit\u00e9 de cette structure culturelle bruxelloise vou\u00e9e \u00e0 la recherche,<span class=\"Apple-converted-space\">\u00a0<\/span>en lien avec les arts vivants.<\/p>\n<p class=\"p1\">Comment cette id\u00e9e radicale de chercher pour chercher s\u2019est-elle immisc\u00e9e dans une pratique faite d\u2019exp\u00e9rimentations et d\u2019apprentissages?<span class=\"Apple-converted-space\"><br \/><\/span>Quels en sont les effets et les cons\u00e9quences?<span class=\"Apple-converted-space\"><br \/><\/span>Ce texte propose une premi\u00e8re mani\u00e8re de r\u00e9pondre \u00e0 ces questions. Les fascicules ult\u00e9rieurs reprendront les diff\u00e9rents motifs expos\u00e9s ici pour les prolonger<span class=\"Apple-converted-space\">\u00a0<\/span>et les d\u00e9ployer.<\/p>\n<p>[\/et_pb_text][et_pb_text _builder_version=\u00a0\u00bb4.16&Prime; _module_preset=\u00a0\u00bbdefault\u00a0\u00bb text_font=\u00a0\u00bbBaskervville||||||||\u00a0\u00bb text_font_size=\u00a0\u00bb17px\u00a0\u00bb global_colors_info=\u00a0\u00bb{}\u00a0\u00bb]<\/p>\n<p class=\"p1\">\u00ab Une exigence se trouve \u00e0 l\u2019origine du pr\u00e9sent texte\u2009: arriver \u00e0 exprimer d\u2019un ton juste la voix de L\u2019L, structure culturelle bruxelloise, vou\u00e9e depuis 2008 \u00e0 la recherche avec les arts vivants. Non pas pour la justifier ou en rendre compte \u2013\u2009cette exp\u00e9rience poss\u00e8de suffisamment de confiance en elle-m\u00eame et envers ses effets pour savoir que la tenter fut n\u00e9cessaire, et la poursuivre reste tout aussi vital. Plut\u00f4t, d\u2019abord, pour approfondir le dialogue avec les personnes qui s\u2019impliquent dans la situation de L\u2019L et qui contribuent \u00e0 son d\u00e9ploiement, \u00e0 savoir, outre l\u2019\u00e9quipe de L\u2019L, les chercheur\u00b7es qui travaillent \u00e0 L\u2019L et ses partenaires. Pour tenter, ensuite, de rendre vivant vis-\u00e0-vis d\u2019autres, <i>depuis<\/i> l\u2019aventure de L\u2019L, ce que cette activit\u00e9 et la continuit\u00e9 souvent hasardeuse de son devenir recouvrent d\u2019exp\u00e9rimentations et d\u2019apprentissages, et quels en sont les effets d\u00e9j\u00e0 advenus. Pour, aussi, faire circuler mieux cette voix expos\u00e9e de la sorte, pour la soutenir et l\u2019amplifier, pour int\u00e9resser celles et ceux qui pourraient y \u00eatre attentifs, pour aider d\u2019autres int\u00e9ress\u00e9\u00b7es par cette question, au travers d\u2019une tentative de partage de cette exp\u00e9rience et d\u2019approfondissement d\u2019une pratique parmi d\u2019autres en compagnie des arts vivants. \u00bb<\/p>\n<p>[\/et_pb_text][et_pb_text _builder_version=\u00a0\u00bb4.16&Prime; _module_preset=\u00a0\u00bbdefault\u00a0\u00bb global_colors_info=\u00a0\u00bb{}\u00a0\u00bb]<\/p>\n<p class=\"p1\">Apr\u00e8s une formation initiale en sociologie et philosophie, et l\u2019obtention d\u2019un doctorat en sant\u00e9 publique\/bio\u00e9thique, Pierre Boitte a effectu\u00e9 une carri\u00e8re universitaire en \u00e9thique de la sant\u00e9 et<span class=\"Apple-converted-space\">\u00a0<\/span>en \u00e9thique clinique.<\/p>\n<p>[\/et_pb_text][et_pb_text _builder_version=\u00a0\u00bb4.16&Prime; _module_preset=\u00a0\u00bbdefault\u00a0\u00bb text_font=\u00a0\u00bb||||||||\u00a0\u00bb border_width_top=\u00a0\u00bb1px\u00a0\u00bb border_color_top=\u00a0\u00bb#B2B2B2&Prime; border_width_bottom=\u00a0\u00bb1px\u00a0\u00bb border_color_bottom=\u00a0\u00bb#B2B2B2&Prime; global_colors_info=\u00a0\u00bb{}\u00a0\u00bb]<\/p>\n<p class=\"p2\"><span class=\"s2\"><\/span><\/p>\n<p class=\"p2\"><span class=\"s2\">136 pages\u00a0<\/span><\/p>\n<p class=\"p2\"><span class=\"s2\">L\u2019L \u00e9ditions, octobre 2021<\/span><\/p>\n<p class=\"p1\">ISBN 978-2-9601533-5-4<\/p>\n<p class=\"p2\"><span class=\"s2\">Impression Graphius\/Brussels<\/span><\/p>\n<p class=\"p2\"><span class=\"s2\"><\/span><\/p>\n<p>[\/et_pb_text][et_pb_wc_price _builder_version=\u00a0\u00bb4.18.0&Prime; body_text_color=\u00a0\u00bb#000000&Prime; body_font_size=\u00a0\u00bb15px\u00a0\u00bb global_colors_info=\u00a0\u00bb{}\u00a0\u00bb][\/et_pb_wc_price][et_pb_wc_add_to_cart show_quantity=\u00a0\u00bboff\u00a0\u00bb show_stock=\u00a0\u00bboff\u00a0\u00bb _builder_version=\u00a0\u00bb4.18.0&Prime; field_label_font=\u00a0\u00bb|600|||||||\u00a0\u00bb button_icon_color=\u00a0\u00bb#FCA311&Prime; body_font=\u00a0\u00bb|600|||||||\u00a0\u00bb global_colors_info=\u00a0\u00bb{}\u00a0\u00bb][\/et_pb_wc_add_to_cart][\/et_pb_column][\/et_pb_row][\/et_pb_section]<\/p>\n","protected":false},"excerpt":{"rendered":"<p>Chercher avec l&rsquo;aventure de L&rsquo;L depuis les arts vivantsFascicule 1. La singuli\u00e8re aventure de L&rsquo;L de Pierre Boitte Collection Questions ouvertesCliquez sur l&rsquo;image pour l&rsquo;agrandirCe premier fascicule tente d\u2019exprimer la voix de L\u2019L\u00a0et de rendre visible l\u2019activit\u00e9 de cette structure culturelle bruxelloise vou\u00e9e \u00e0 la recherche,\u00a0en lien avec les arts vivants. Comment cette id\u00e9e radicale [&hellip;]<\/p>\n","protected":false},"featured_media":211,"template":"","meta":{"_et_pb_use_builder":"on","_et_pb_old_content":"","_et_gb_content_width":""},"product_brand":[],"product_cat":[16,21],"product_tag":[],"class_list":{"0":"post-413","1":"product","2":"type-product","3":"status-publish","4":"has-post-thumbnail","6":"product_cat-16","7":"product_cat-questions-ouvertes","9":"first","10":"instock","11":"shipping-taxable","12":"purchasable","13":"product-type-simple"},"_links":{"self":[{"href":"https:\/\/www.lleditions.be\/index.php\/wp-json\/wp\/v2\/product\/413","targetHints":{"allow":["GET"]}}],"collection":[{"href":"https:\/\/www.lleditions.be\/index.php\/wp-json\/wp\/v2\/product"}],"about":[{"href":"https:\/\/www.lleditions.be\/index.php\/wp-json\/wp\/v2\/types\/product"}],"wp:featuredmedia":[{"embeddable":true,"href":"https:\/\/www.lleditions.be\/index.php\/wp-json\/wp\/v2\/media\/211"}],"wp:attachment":[{"href":"https:\/\/www.lleditions.be\/index.php\/wp-json\/wp\/v2\/media?parent=413"}],"wp:term":[{"taxonomy":"product_brand","embeddable":true,"href":"https:\/\/www.lleditions.be\/index.php\/wp-json\/wp\/v2\/product_brand?post=413"},{"taxonomy":"product_cat","embeddable":true,"href":"https:\/\/www.lleditions.be\/index.php\/wp-json\/wp\/v2\/product_cat?post=413"},{"taxonomy":"product_tag","embeddable":true,"href":"https:\/\/www.lleditions.be\/index.php\/wp-json\/wp\/v2\/product_tag?post=413"}],"curies":[{"name":"wp","href":"https:\/\/api.w.org\/{rel}","templated":true}]}}