{"id":1787,"date":"2024-09-14T13:46:21","date_gmt":"2024-09-14T11:46:21","guid":{"rendered":"https:\/\/www.lleditions.be\/?post_type=product&#038;p=1787"},"modified":"2025-02-02T13:57:38","modified_gmt":"2025-02-02T12:57:38","slug":"echappee-urbaine-3","status":"publish","type":"product","link":"https:\/\/www.lleditions.be\/index.php\/produit\/echappee-urbaine-3\/","title":{"rendered":"\u00c9chapp\u00e9e urbaine # 3"},"content":{"rendered":"<p>[et_pb_section fb_built=\u00a0\u00bb1&Prime; _builder_version=\u00a0\u00bb4.27.4&Prime; custom_padding=\u00a0\u00bb0px||||false|false\u00a0\u00bb collapsed=\u00a0\u00bboff\u00a0\u00bb global_colors_info=\u00a0\u00bb{}\u00a0\u00bb][et_pb_row _builder_version=\u00a0\u00bb4.16&Prime; background_size=\u00a0\u00bbinitial\u00a0\u00bb background_position=\u00a0\u00bbtop_left\u00a0\u00bb background_repeat=\u00a0\u00bbrepeat\u00a0\u00bb width=\u00a0\u00bb100%\u00a0\u00bb custom_padding=\u00a0\u00bb0px||0px||false|false\u00a0\u00bb global_colors_info=\u00a0\u00bb{}\u00a0\u00bb][et_pb_column type=\u00a0\u00bb4_4&Prime; _builder_version=\u00a0\u00bb4.16&Prime; custom_padding=\u00a0\u00bb|||\u00a0\u00bb global_colors_info=\u00a0\u00bb{}\u00a0\u00bb custom_padding__hover=\u00a0\u00bb|||\u00a0\u00bb][et_pb_wc_cart_notice _builder_version=\u00a0\u00bb4.16&Prime; title_text_color=\u00a0\u00bb#000000&Prime; title_font_size=\u00a0\u00bb13px\u00a0\u00bb background_color=\u00a0\u00bb#FFFFFF\u00a0\u00bb custom_button=\u00a0\u00bbon\u00a0\u00bb button_text_size=\u00a0\u00bb14px\u00a0\u00bb button_text_color=\u00a0\u00bb#FFFFFF\u00a0\u00bb button_bg_color=\u00a0\u00bb#14213D\u00a0\u00bb border_width_top=\u00a0\u00bb1px\u00a0\u00bb border_color_top=\u00a0\u00bb#B2B2B2&Prime; border_width_bottom=\u00a0\u00bb1px\u00a0\u00bb border_color_bottom=\u00a0\u00bb#B2B2B2&Prime; body_text_color=\u00a0\u00bb#000000&Prime; body_font_size=\u00a0\u00bb13px\u00a0\u00bb global_colors_info=\u00a0\u00bb{}\u00a0\u00bb][\/et_pb_wc_cart_notice][et_pb_divider show_divider=\u00a0\u00bboff\u00a0\u00bb _builder_version=\u00a0\u00bb4.21.0&Prime; _module_preset=\u00a0\u00bbdefault\u00a0\u00bb global_colors_info=\u00a0\u00bb{}\u00a0\u00bb][\/et_pb_divider][\/et_pb_column][\/et_pb_row][et_pb_row column_structure=\u00a0\u00bb1_2,1_2&Prime; _builder_version=\u00a0\u00bb4.16&Prime; background_size=\u00a0\u00bbinitial\u00a0\u00bb background_position=\u00a0\u00bbtop_left\u00a0\u00bb background_repeat=\u00a0\u00bbrepeat\u00a0\u00bb width=\u00a0\u00bb100%\u00a0\u00bb custom_padding=\u00a0\u00bb0px||||false|false\u00a0\u00bb global_colors_info=\u00a0\u00bb{}\u00a0\u00bb][et_pb_column type=\u00a0\u00bb1_2&Prime; _builder_version=\u00a0\u00bb4.16&Prime; custom_padding=\u00a0\u00bb|||\u00a0\u00bb global_colors_info=\u00a0\u00bb{}\u00a0\u00bb custom_padding__hover=\u00a0\u00bb|||\u00a0\u00bb][et_pb_wc_title _builder_version=\u00a0\u00bb4.16&Prime; header_font_size=\u00a0\u00bb23px\u00a0\u00bb global_colors_info=\u00a0\u00bb{}\u00a0\u00bb][\/et_pb_wc_title][et_pb_text _builder_version=\u00a0\u00bb4.27.0&Prime; _module_preset=\u00a0\u00bbdefault\u00a0\u00bb global_colors_info=\u00a0\u00bb{}\u00a0\u00bb]<\/p>\n<p class=\"p1\">d\u2019Isabelle Jonniaux<\/p>\n<p class=\"p1\">Collection\u00a0Voies cr\u00e9atives<\/p>\n<p>[\/et_pb_text][et_pb_image src=\u00a0\u00bbhttps:\/\/www.lleditions.be\/wp-content\/uploads\/2024\/09\/SwebISA2.jpg\u00a0\u00bb title_text=\u00a0\u00bbSwebISA2&Prime; show_in_lightbox=\u00a0\u00bbon\u00a0\u00bb use_overlay=\u00a0\u00bbon\u00a0\u00bb overlay_icon_color=\u00a0\u00bb#FCA311&Prime; hover_overlay_color=\u00a0\u00bbrgba(255,255,255,0.63)\u00a0\u00bb hover_icon=\u00a0\u00bb&#x4c;||divi||400&Prime; _builder_version=\u00a0\u00bb4.27.0&Prime; _module_preset=\u00a0\u00bbdefault\u00a0\u00bb width=\u00a0\u00bb100%\u00a0\u00bb global_colors_info=\u00a0\u00bb{}\u00a0\u00bb][\/et_pb_image][et_pb_image src=\u00a0\u00bbhttps:\/\/www.lleditions.be\/wp-content\/uploads\/2024\/09\/SwebISA.jpg\u00a0\u00bb title_text=\u00a0\u00bbSwebISA\u00a0\u00bb show_in_lightbox=\u00a0\u00bbon\u00a0\u00bb use_overlay=\u00a0\u00bbon\u00a0\u00bb overlay_icon_color=\u00a0\u00bb#FCA311&Prime; hover_overlay_color=\u00a0\u00bbrgba(255,255,255,0.63)\u00a0\u00bb hover_icon=\u00a0\u00bb&#x4c;||divi||400&Prime; _builder_version=\u00a0\u00bb4.27.0&Prime; _module_preset=\u00a0\u00bbdefault\u00a0\u00bb width=\u00a0\u00bb100%\u00a0\u00bb global_colors_info=\u00a0\u00bb{}\u00a0\u00bb][\/et_pb_image][et_pb_text disabled_on=\u00a0\u00bbon|on|off\u00a0\u00bb _builder_version=\u00a0\u00bb4.16&Prime; _module_preset=\u00a0\u00bbdefault\u00a0\u00bb text_font_size=\u00a0\u00bb10px\u00a0\u00bb locked=\u00a0\u00bboff\u00a0\u00bb global_colors_info=\u00a0\u00bb{}\u00a0\u00bb]<em>Cliquez sur l&rsquo;image pour l&rsquo;agrandir<\/em><br \/>\n[\/et_pb_text][et_pb_slider _builder_version=\u00a0\u00bb4.16&Prime; _module_preset=\u00a0\u00bbdefault\u00a0\u00bb global_colors_info=\u00a0\u00bb{}\u00a0\u00bb][\/et_pb_slider][\/et_pb_column][et_pb_column type=\u00a0\u00bb1_2&Prime; _builder_version=\u00a0\u00bb4.16&Prime; custom_padding=\u00a0\u00bb|||\u00a0\u00bb global_colors_info=\u00a0\u00bb{}\u00a0\u00bb custom_padding__hover=\u00a0\u00bb|||\u00a0\u00bb][et_pb_divider show_divider=\u00a0\u00bboff\u00a0\u00bb disabled_on=\u00a0\u00bbon|on|off\u00a0\u00bb _builder_version=\u00a0\u00bb4.16&Prime; _module_preset=\u00a0\u00bbdefault\u00a0\u00bb global_colors_info=\u00a0\u00bb{}\u00a0\u00bb][\/et_pb_divider][et_pb_divider show_divider=\u00a0\u00bboff\u00a0\u00bb disabled_on=\u00a0\u00bbon|on|off\u00a0\u00bb _builder_version=\u00a0\u00bb4.16&Prime; _module_preset=\u00a0\u00bbdefault\u00a0\u00bb global_colors_info=\u00a0\u00bb{}\u00a0\u00bb][\/et_pb_divider][et_pb_text _builder_version=\u00a0\u00bb4.27.0&Prime; _module_preset=\u00a0\u00bbdefault\u00a0\u00bb text_font=\u00a0\u00bbBaskervville||||||||\u00a0\u00bb text_font_size=\u00a0\u00bb17px\u00a0\u00bb global_colors_info=\u00a0\u00bb{}\u00a0\u00bb]<\/p>\n<p><em>Les \u00c9chapp\u00e9es urbaines<\/em> sont des parcours sonores audio-guid\u00e9s qui se cr\u00e9ent sur un site, en dialogue avec l\u2019environnement et les \u00e9l\u00e9ments crois\u00e9s sur le trajet. Muni d&rsquo;un smartphone, d&rsquo;\u00e9couteurs et gr\u00e2ce \u00e0 une application interactive, le public exp\u00e9rimente une d\u00e9ambulation sonore et solitaire dans l&rsquo;espace public. Se d\u00e9placer, dans cette exp\u00e9rience qui se veut ludique et r\u00e9flexive, est une fa\u00e7on de se mettre \u00e0 entendre diff\u00e9remment la ville, et de s&rsquo;immerger dans une \u00e9coute alternative. R\u00e9flexions, citations, commentaires, jeux, ambiances sonores, compositions musicales forment la trame d&rsquo;un fil narratif induit par les sp\u00e9cificit\u00e9s du lieu.<\/p>\n<p>[\/et_pb_text][et_pb_text _builder_version=\u00a0\u00bb4.27.4&Prime; _module_preset=\u00a0\u00bbdefault\u00a0\u00bb global_colors_info=\u00a0\u00bb{}\u00a0\u00bb]<\/p>\n<p><em>L\u2019\u00c9chapp\u00e9e urbaine #3<\/em> est une balade sonore et po\u00e9tique cr\u00e9\u00e9e par Isabelle Jonniaux \u00e0 l\u2019occasion des 50 ans de l\u2019UCLouvain Bruxelles sur le Campus de Woluwe (Belgique).\u2028Si vous n\u2019avez jamais eu l\u2019occasion d\u2019arpenter le campus de l\u2019UCLouvain Bruxelles Woluwe (station de m\u00e9tro Alma) ou si vous pensez que celui-ci est r\u00e9serv\u00e9 aux \u00e9tudiants et aux Cliniques Universitaires Saint-Luc, d\u00e9trompez-vous ! Il s\u2019agit d\u2019un microcosme aux multiples facettes. Entre espaces verts, tours de recherches, \u00e9cole primaire, auditoires et d\u00e9dales secrets, entrez au c\u0153ur d\u2019un espace urbain insolite.<br \/>\u00c0 travers la cr\u00e9ation d\u2019un parcours audio-guid\u00e9, Isabelle Jonniaux vous en fait d\u00e9couvrir les interstices po\u00e9tiques et fictionnels, et vous guidera au son de sa voix dans une odyss\u00e9e sonore inattendue r\u00e9sonnant avec l\u2019exp\u00e9rience visuelle.<br \/>Laissez-vous transporter dans cette balade sonore qui vous emm\u00e8ne sur des chemins de traverse. Oubliez les id\u00e9es pr\u00e9con\u00e7ues sur le site, les balises architecturales ou urbanistiques. Au c\u0153ur de cette fl\u00e2nerie citadine \u00e9mergent des r\u00e9flexions sensibles et ludiques, des jeux de regards, des d\u00e9rives musicales. Une fa\u00e7on de se mettre \u00e0 entendre et voir diff\u00e9remment ce qui nous entoure.<\/p>\n<p>[\/et_pb_text][et_pb_text _builder_version=\u00a0\u00bb4.27.4&Prime; _module_preset=\u00a0\u00bbdefault\u00a0\u00bb text_font=\u00a0\u00bb||||||||\u00a0\u00bb border_width_top=\u00a0\u00bb1px\u00a0\u00bb border_color_top=\u00a0\u00bb#B2B2B2&Prime; border_width_bottom=\u00a0\u00bb1px\u00a0\u00bb border_color_bottom=\u00a0\u00bb#B2B2B2&Prime; global_colors_info=\u00a0\u00bb{}\u00a0\u00bb]<\/p>\n<p class=\"p1\">Conception, \u00e9criture et voix : Isabelle Jonniaux<br \/>Collaboration \u00e0 l\u2019\u00e9criture : Simon Thomas<br \/>Metteur en son : Lo\u00efc Le Foll<br \/>Application et Interactivit\u00e9 :\u00a0<a href=\"http:\/\/neareo.com\/\"><span class=\"s1\">Neareo.com<\/span><\/a>\u00a0(My App Zone srl)<br \/>Cr\u00e9dits photos : Christophe Jonniaux et Isabelle Jonniaux<br \/>Conception du coffret et mise en page : Colin Junius<\/p>\n<p>[\/et_pb_text][et_pb_text _builder_version=\u00a0\u00bb4.27.4&Prime; _module_preset=\u00a0\u00bbdefault\u00a0\u00bb text_font=\u00a0\u00bb||||||||\u00a0\u00bb border_color_top=\u00a0\u00bb#B2B2B2&Prime; border_width_bottom=\u00a0\u00bb1px\u00a0\u00bb border_color_bottom=\u00a0\u00bb#B2B2B2&Prime; global_colors_info=\u00a0\u00bb{}\u00a0\u00bb]<\/p>\n<p class=\"p1\">Coffret contenant<br \/>1 lien sonore<br \/>1 carte de parcours<br \/>1 jeu de 10 photos<br \/>3 badges<br \/>1 puzzle<span class=\"Apple-converted-space\">\u00a0<\/span><\/p>\n<p class=\"p1\">L\u2019L \u00e9ditions, septembre 2024<\/p>\n<p class=\"p1\">ISBN 978-2-931268-03-2<\/p>\n<p>[\/et_pb_text][et_pb_wc_price _builder_version=\u00a0\u00bb4.16&Prime; body_text_color=\u00a0\u00bb#000000&Prime; body_font_size=\u00a0\u00bb15px\u00a0\u00bb global_colors_info=\u00a0\u00bb{}\u00a0\u00bb][\/et_pb_wc_price][et_pb_wc_add_to_cart show_quantity=\u00a0\u00bboff\u00a0\u00bb show_stock=\u00a0\u00bboff\u00a0\u00bb _builder_version=\u00a0\u00bb4.16&Prime; body_font=\u00a0\u00bb|600|||||||\u00a0\u00bb global_colors_info=\u00a0\u00bb{}\u00a0\u00bb][\/et_pb_wc_add_to_cart][\/et_pb_column][\/et_pb_row][\/et_pb_section]<\/p>\n","protected":false},"excerpt":{"rendered":"<p>d\u2019Isabelle Jonniaux Collection\u00a0Voies cr\u00e9ativesCliquez sur l&rsquo;image pour l&rsquo;agrandir Les \u00c9chapp\u00e9es urbaines sont des parcours sonores audio-guid\u00e9s qui se cr\u00e9ent sur un site, en dialogue avec l\u2019environnement et les \u00e9l\u00e9ments crois\u00e9s sur le trajet. Muni d&rsquo;un smartphone, d&rsquo;\u00e9couteurs et gr\u00e2ce \u00e0 une application interactive, le public exp\u00e9rimente une d\u00e9ambulation sonore et solitaire dans l&rsquo;espace public. Se [&hellip;]<\/p>\n","protected":false},"featured_media":0,"template":"","meta":{"_et_pb_use_builder":"on","_et_pb_old_content":"","_et_gb_content_width":""},"product_brand":[],"product_cat":[33,31],"product_tag":[],"class_list":{"0":"post-1787","1":"product","2":"type-product","3":"status-publish","5":"product_cat-33","6":"product_cat-traces-de-recherches","8":"first","9":"instock","10":"shipping-taxable","11":"purchasable","12":"product-type-simple"},"_links":{"self":[{"href":"https:\/\/www.lleditions.be\/index.php\/wp-json\/wp\/v2\/product\/1787","targetHints":{"allow":["GET"]}}],"collection":[{"href":"https:\/\/www.lleditions.be\/index.php\/wp-json\/wp\/v2\/product"}],"about":[{"href":"https:\/\/www.lleditions.be\/index.php\/wp-json\/wp\/v2\/types\/product"}],"wp:attachment":[{"href":"https:\/\/www.lleditions.be\/index.php\/wp-json\/wp\/v2\/media?parent=1787"}],"wp:term":[{"taxonomy":"product_brand","embeddable":true,"href":"https:\/\/www.lleditions.be\/index.php\/wp-json\/wp\/v2\/product_brand?post=1787"},{"taxonomy":"product_cat","embeddable":true,"href":"https:\/\/www.lleditions.be\/index.php\/wp-json\/wp\/v2\/product_cat?post=1787"},{"taxonomy":"product_tag","embeddable":true,"href":"https:\/\/www.lleditions.be\/index.php\/wp-json\/wp\/v2\/product_tag?post=1787"}],"curies":[{"name":"wp","href":"https:\/\/api.w.org\/{rel}","templated":true}]}}