{"id":293,"date":"2021-10-28T12:53:11","date_gmt":"2021-10-28T10:53:11","guid":{"rendered":"https:\/\/www.lleditions.be\/?page_id=293"},"modified":"2025-06-02T12:56:20","modified_gmt":"2025-06-02T10:56:20","slug":"un-monde-ni-pire-ni-meilleur-le-jeu","status":"publish","type":"page","link":"https:\/\/www.lleditions.be\/index.php\/un-monde-ni-pire-ni-meilleur-le-jeu\/","title":{"rendered":"Un monde ni pire ni meilleur (le jeu)\u00a0"},"content":{"rendered":"<p>[et_pb_section fb_built=\u00a0\u00bb1&Prime; _builder_version=\u00a0\u00bb4.16&Prime; custom_padding=\u00a0\u00bb0px||||false|false\u00a0\u00bb global_colors_info=\u00a0\u00bb{}\u00a0\u00bb][et_pb_row column_structure=\u00a0\u00bb1_2,1_2&Prime; _builder_version=\u00a0\u00bb4.16&Prime; background_size=\u00a0\u00bbinitial\u00a0\u00bb background_position=\u00a0\u00bbtop_left\u00a0\u00bb background_repeat=\u00a0\u00bbrepeat\u00a0\u00bb width=\u00a0\u00bb100%\u00a0\u00bb custom_margin=\u00a0\u00bb45px||||false|false\u00a0\u00bb custom_padding=\u00a0\u00bb45px||||false|false\u00a0\u00bb global_colors_info=\u00a0\u00bb{}\u00a0\u00bb][et_pb_column type=\u00a0\u00bb1_2&Prime; _builder_version=\u00a0\u00bb4.16&Prime; custom_padding=\u00a0\u00bb|||\u00a0\u00bb global_colors_info=\u00a0\u00bb{}\u00a0\u00bb custom_padding__hover=\u00a0\u00bb|||\u00a0\u00bb][et_pb_text _builder_version=\u00a0\u00bb4.16&Prime; _dynamic_attributes=\u00a0\u00bbcontent\u00a0\u00bb _module_preset=\u00a0\u00bbdefault\u00a0\u00bb text_text_color=\u00a0\u00bb#000000&Prime; text_font_size=\u00a0\u00bb23px\u00a0\u00bb custom_margin=\u00a0\u00bb||5px||false|false\u00a0\u00bb global_colors_info=\u00a0\u00bb{}\u00a0\u00bb]@ET-DC@eyJkeW5hbWljIjp0cnVlLCJjb250ZW50IjoicG9zdF90aXRsZSIsInNldHRpbmdzIjp7ImJlZm9yZSI6IiIsImFmdGVyIjoiIn19@[\/et_pb_text][et_pb_text _builder_version=\u00a0\u00bb4.16&Prime; _module_preset=\u00a0\u00bbdefault\u00a0\u00bb global_colors_info=\u00a0\u00bb{}\u00a0\u00bb]<\/p>\n<p class=\"p1\">Jeu de soci\u00e9t\u00e9<\/p>\n<p class=\"p1\">d&rsquo;Axel Cornil &amp; Valentin Demarcin<\/p>\n<p class=\"p1\">Collection D\u00e9ambulations chercheuses<\/p>\n<p>[\/et_pb_text][et_pb_image src=\u00a0\u00bbhttps:\/\/www.lleditions.be\/wp-content\/uploads\/2021\/10\/couv.jpg\u00a0\u00bb title_text=\u00a0\u00bbcouv\u00a0\u00bb _builder_version=\u00a0\u00bb4.16&Prime; _module_preset=\u00a0\u00bbdefault\u00a0\u00bb width=\u00a0\u00bb78%\u00a0\u00bb global_colors_info=\u00a0\u00bb{}\u00a0\u00bb][\/et_pb_image][et_pb_gallery gallery_ids=\u00a0\u00bb297,287,300,301&Prime; fullwidth=\u00a0\u00bbon\u00a0\u00bb _builder_version=\u00a0\u00bb4.16&Prime; _module_preset=\u00a0\u00bbdefault\u00a0\u00bb title_text_color=\u00a0\u00bbRGBA(0,0,0,0)\u00a0\u00bb caption_text_align=\u00a0\u00bbleft\u00a0\u00bb pagination_font=\u00a0\u00bb|300|||||||\u00a0\u00bb pagination_text_color=\u00a0\u00bbRGBA(0,0,0,0)\u00a0\u00bb pagination_font_size=\u00a0\u00bb1px\u00a0\u00bb text_orientation=\u00a0\u00bbleft\u00a0\u00bb max_width=\u00a0\u00bb100%\u00a0\u00bb global_colors_info=\u00a0\u00bb{}\u00a0\u00bb][\/et_pb_gallery][et_pb_text disabled_on=\u00a0\u00bbon|on|off\u00a0\u00bb _builder_version=\u00a0\u00bb4.16&Prime; _module_preset=\u00a0\u00bbdefault\u00a0\u00bb text_font_size=\u00a0\u00bb10px\u00a0\u00bb locked=\u00a0\u00bboff\u00a0\u00bb global_colors_info=\u00a0\u00bb{}\u00a0\u00bb]<\/p>\n<p><em>Cliquez sur l&rsquo;image pour l&rsquo;agrandir<\/em><\/p>\n<p>[\/et_pb_text][et_pb_video_slider _builder_version=\u00a0\u00bb4.18.0&Prime; _module_preset=\u00a0\u00bbdefault\u00a0\u00bb global_colors_info=\u00a0\u00bb{}\u00a0\u00bb][et_pb_video_slider_item src=\u00a0\u00bbhttps:\/\/vimeo.com\/762621304&Prime; _builder_version=\u00a0\u00bb4.18.0&Prime; _module_preset=\u00a0\u00bbdefault\u00a0\u00bb global_colors_info=\u00a0\u00bb{}\u00a0\u00bb show_image_overlay=\u00a0\u00bboff\u00a0\u00bb][\/et_pb_video_slider_item][\/et_pb_video_slider][et_pb_text _builder_version=\u00a0\u00bb4.16&Prime; _module_preset=\u00a0\u00bbdefault\u00a0\u00bb text_font=\u00a0\u00bb||||||||\u00a0\u00bb border_width_top=\u00a0\u00bb1px\u00a0\u00bb border_color_top=\u00a0\u00bb#B2B2B2&Prime; border_width_bottom=\u00a0\u00bb1px\u00a0\u00bb border_color_bottom=\u00a0\u00bb#B2B2B2&Prime; global_colors_info=\u00a0\u00bb{}\u00a0\u00bb]<\/p>\n<p class=\"p1\">180 minutes, 4 \u00e0 6 joueur\u00b7euses, \u00e2ge 14+<\/p>\n<p class=\"p1\">L\u2019L \u00e9ditions, avril 2021<\/p>\n<p class=\"p1\">Impression Picking Graphic\/Wavre<\/p>\n<p>[\/et_pb_text][et_pb_text _builder_version=\u00a0\u00bb4.27.4&Prime; _module_preset=\u00a0\u00bbdefault\u00a0\u00bb hover_enabled=\u00a0\u00bb0&Prime; global_colors_info=\u00a0\u00bb{}\u00a0\u00bb sticky_enabled=\u00a0\u00bb0&Prime;]<\/p>\n<p class=\"p1\"><span class=\"s1\">Si vous souhaitez jouer \u00e0 <em>Un monde ni pire ni meilleur (le jeu)<\/em>, \u00e9tant donn\u00e9 le tirage limit\u00e9 d&rsquo;exemplaires existants, vous avez deux possibilit\u00e9s:<br \/>&#8211; soit vous programmez une s\u00e9ance mise en sc\u00e8ne et anim\u00e9e par les concepteurs avec un ma\u00eetre de jeu et six joueurs.<br \/>&#8211; soit vous louez le jeu afin d\u2019en prendre possession par vous-m\u00eame.<\/span><\/p>\n<p class=\"p1\"><span class=\"s1\">Si vous souhaitez ensuite acqu\u00e9rir une bo\u00eete du jeu, nous sommes en train de mettre en place une liste de pr\u00e9commandes afin de lancer un retirage (sous r\u00e9serve d\u2019un certain nombre de pr\u00e9commandes minimum).<\/span><\/p>\n<p><i>Pour toute demande, n\u2019h\u00e9sitez pas \u00e0 nous contacter \u00e0 l\u2019adresse<\/i><em><span class=\"Apple-converted-space\">\u00a0<a href=\"mailto:contact@lleditions.be\">contact@lleditions.be<\/a><\/span><\/em><\/p>\n<p>[\/et_pb_text][\/et_pb_column][et_pb_column type=\u00a0\u00bb1_2&Prime; _builder_version=\u00a0\u00bb4.16&Prime; custom_padding=\u00a0\u00bb|||\u00a0\u00bb global_colors_info=\u00a0\u00bb{}\u00a0\u00bb custom_padding__hover=\u00a0\u00bb|||\u00a0\u00bb][et_pb_divider show_divider=\u00a0\u00bboff\u00a0\u00bb disabled_on=\u00a0\u00bbon|on|off\u00a0\u00bb _builder_version=\u00a0\u00bb4.16&Prime; _module_preset=\u00a0\u00bbdefault\u00a0\u00bb global_colors_info=\u00a0\u00bb{}\u00a0\u00bb][\/et_pb_divider][et_pb_divider show_divider=\u00a0\u00bboff\u00a0\u00bb disabled_on=\u00a0\u00bbon|on|off\u00a0\u00bb _builder_version=\u00a0\u00bb4.16&Prime; _module_preset=\u00a0\u00bbdefault\u00a0\u00bb global_colors_info=\u00a0\u00bb{}\u00a0\u00bb][\/et_pb_divider][et_pb_divider show_divider=\u00a0\u00bboff\u00a0\u00bb disabled_on=\u00a0\u00bbon|on|off\u00a0\u00bb _builder_version=\u00a0\u00bb4.16&Prime; _module_preset=\u00a0\u00bbdefault\u00a0\u00bb global_colors_info=\u00a0\u00bb{}\u00a0\u00bb][\/et_pb_divider][et_pb_divider show_divider=\u00a0\u00bboff\u00a0\u00bb disabled_on=\u00a0\u00bbon|on|off\u00a0\u00bb _builder_version=\u00a0\u00bb4.16&Prime; _module_preset=\u00a0\u00bbdefault\u00a0\u00bb global_colors_info=\u00a0\u00bb{}\u00a0\u00bb][\/et_pb_divider][et_pb_divider show_divider=\u00a0\u00bboff\u00a0\u00bb disabled_on=\u00a0\u00bbon|on|off\u00a0\u00bb _builder_version=\u00a0\u00bb4.16&Prime; _module_preset=\u00a0\u00bbdefault\u00a0\u00bb global_colors_info=\u00a0\u00bb{}\u00a0\u00bb][\/et_pb_divider][et_pb_text _builder_version=\u00a0\u00bb4.16&Prime; _module_preset=\u00a0\u00bbdefault\u00a0\u00bb global_colors_info=\u00a0\u00bb{}\u00a0\u00bb]<\/p>\n<p class=\"p1\"><em>Un monde ni pire ni meilleur (le jeu) <\/em>consiste \u00e0 se mettre en jeu dans notre propre soci\u00e9t\u00e9. Le but est de r\u00e9ussir sa vie de citoyenne ou citoyen mieux que les autres, et de faire en sorte que la soci\u00e9t\u00e9 ne sombre ni dans la r\u00e9volte, ni dans le chaos, l\u2019h\u00e9moglobine ou les larmes\u2026 En un mot, qu\u2019elle ne fasse banqueroute.<\/p>\n<p class=\"p1\">Pour y parvenir vous devrez organiser votre temps avec des activit\u00e9s. Il vous arrivera des bonnes et des mauvaises surprises, mais surtout vous devrez vous mettre d\u2019accord avec vos cong\u00e9n\u00e8res pour d\u00e9cider des lois qui pr\u00e9valent dans votre soci\u00e9t\u00e9. Tout au long de la partie, vous serez pris\u00b7e en charge par un meneur ou une meneuse de jeu qui vous guidera pas \u00e0 pas dans cette qu\u00eate de la r\u00e9ussite.<\/p>\n<p>[\/et_pb_text][et_pb_text _builder_version=\u00a0\u00bb4.16&Prime; _module_preset=\u00a0\u00bbdefault\u00a0\u00bb text_font=\u00a0\u00bbBaskervville||||||||\u00a0\u00bb text_font_size=\u00a0\u00bb17px\u00a0\u00bb global_colors_info=\u00a0\u00bb{}\u00a0\u00bb]<\/p>\n<p class=\"p1\">\u00ab Au d\u00e9part, nous avions envie de comprendre ce qui nous pousse \u00e0 faire des choix au quotidien et comment ceux-ci s\u2019inscrivent dans un cadre. Nous avons plong\u00e9 dans les notions d\u2019int\u00e9grit\u00e9, de persuasion, de culpabilit\u00e9, de r\u00e9ussite. Nous sommes ressortis de cet embrouillamini avec plusieurs questions. Qu\u2019est-ce que r\u00e9ussir sa vie? Y a-t-il des crit\u00e8res objectifs pour \u00e9valuer la r\u00e9ussite? Si oui, lesquels? Qui sont les gens consid\u00e9r\u00e9s comme mod\u00e8les de r\u00e9ussite? Est-ce que r\u00e9ussir signifie forc\u00e9ment \u00eatre au sommet? Quels sont les symboles de r\u00e9ussite que nous renvoie la soci\u00e9t\u00e9? Ou encore, que signifie vivre ensemble? Nous avons pris le temps de lire, de sonder des gens, de d\u00e9cortiquer des vid\u00e9os de coaching professionnel et personnel, de nous pencher sur la notion de bonheur. Apr\u00e8s avoir infus\u00e9 ces mati\u00e8res h\u00e9t\u00e9roclites, nous nous sommes dit qu\u2019une mani\u00e8re de les \u00e9prouver \u00e9tait de les transposer dans un jeu qui soit \u00e0 la fois ludique et r\u00e9flexif. \u00bb<\/p>\n<p>[\/et_pb_text][et_pb_text _builder_version=\u00a0\u00bb4.16&Prime; _module_preset=\u00a0\u00bbdefault\u00a0\u00bb global_colors_info=\u00a0\u00bb{}\u00a0\u00bb]<\/p>\n<p class=\"p1\"><span class=\"s1\"><strong>Axel Cornil<\/strong> est un auteur et metteur en sc\u00e8ne belge. Il est n\u00e9 l&rsquo;ann\u00e9e du cheval dans l\u2019astrologie chinoise, signe dont la description colle parfaitement \u00e0 sa personnalit\u00e9 selon certaines sources. Il a \u00e9t\u00e9 \u00e9lev\u00e9 par un p\u00e8re anarcho-syndicaliste et une m\u00e8re romaniste dans la r\u00e9gion charbonneuse de Mons. Cela fait de lui un <i>sale d\u2019jaune<\/i> comme le veut l\u2019expression. <\/span><span class=\"s1\">Sa collaboration avec MoDul lui a permis d\u2019\u00e9crire et de mettre en sc\u00e8ne: <em>Du b\u00e9ton dans les plumes<\/em> (Lansman 2015), <em>Ravachol<\/em> (Sales gosses \u00e9diteurs 2019) et <em>Derni\u00e8re r\u00e9colte<\/em> (Sales gosses \u00e9diteurs 2021). Outre ses trois spectacles, il a \u00e9crit \u00e0 ce jour: <em>Si je cr\u00e8ve ce sera d\u2019amour \/ Crever d\u2019amour<\/em> (Lansman 2015), <em>Jean Jean ou on a pas tous la chance d\u2019\u00eatre cool<\/em> (Lansman 2016), <em>On va b\u00e2tir une \u00eele et \u00e9lever des palmiers<\/em> (2021), <em>L\u00e0 o\u00f9 le soleil se couche<\/em> (Lansman 2022). Avec ses deux complices de longue date, Valentin Demarcin et Meryl Moens, il fonde une maison d\u2019\u00e9dition \u00e0 la crois\u00e9e entre le th\u00e9\u00e2tre et l\u2019art visuel: Sales Gosses \u00e9diteurs. Il collabore r\u00e9guli\u00e8rement avec diff\u00e9rentes compagnies: L&rsquo;acteur et l&rsquo;\u00e9crit, De Facto, l&rsquo;Isolat. Et il fait \u00e9galement partie du collectif \u00ab Les compagnons pointent \u00bb avec lequel il raconte des histoires fantasques et explore le th\u00e9\u00e2tre de rue. <\/span><span class=\"s1\">En dehors du th\u00e9\u00e2tre, il aime \u00e9couter de vieux blues \u00e9raill\u00e9s, molester son \u00e9piderme \u00e0 coup d&rsquo;encre noire, boire des canettes sur des bancs la nuit et boxer.<\/span><\/p>\n<p>[\/et_pb_text][et_pb_text _builder_version=\u00a0\u00bb4.16&Prime; _module_preset=\u00a0\u00bbdefault\u00a0\u00bb global_colors_info=\u00a0\u00bb{}\u00a0\u00bb]<\/p>\n<p class=\"p1\"><strong>Valentin Demarcin<\/strong> est n\u00e9 en 1989, il a grandi dans la r\u00e9gion de Namur. Il s&rsquo;est form\u00e9 comme acteur au Conservatoire Royal de Mons. Valentin multiplie les casquettes et les projets et c\u2019est toujours entour\u00e9 de camarades qu\u2019il cr\u00e9e (Compagnie intriqu\u00e9e, Compagnons pointent, Sales gosses, Isolat). Il joue en rue dans <em>La v\u00e9ritable histoire de la petite sir\u00e8ne<\/em>, <em>Partir en paix<\/em> ou encore <em>Un cacao \u00e0 Cuba<\/em>. En salle dans <em>L\u2019histoire approximative mais n\u00e9anmoins touchante et non \u00e9court\u00e9e de Boby Lapointe<\/em>. On a pu le voir \u00e9galement dans <em>Le cid<\/em> de l\u2019infini th\u00e9\u00e2tre et <em>Du b\u00e9ton dans les plumes<\/em> d\u2019Axel Cornil. \u00c0 la sortie de l&rsquo;\u00e9cole, il a mis en sc\u00e8ne <em>Magnifico<\/em> d\u2019Axel Cornil. Ensuite, il monte, pour le jeune public, <em>Le trait d\u2019union<\/em> de Guillaume Kerbusch puis <em>Jean Jean ou on a pas tous la chance d\u2019\u00eatre cool<\/em> d\u2019Axel Cornil et enfin <em>La conjuration d\u2019Apollon<\/em> de Brice Mariaule. Valentin et Axel ont fait une r\u00e9sidence de recherche \u00e0 L\u2019L dont il r\u00e9sulte une forme de jeu de la soci\u00e9t\u00e9 <em>Un monde ni pire ni meilleur<\/em> qui sort en janvier 2022 au Varia. En 2018 il mettait en sc\u00e8ne 30 rockeurs dans <em>Nous nous aimerons 100 ans<\/em> d\u2019Axel Cornil. Il a r\u00e9alis\u00e9 la direction musicale de <em>Derni\u00e8re r\u00e9colte<\/em> d\u2019Axel Cornil. Avec le collectif namurois Isolat, il participe \u00e0 l\u2019organisation d&rsquo;\u00e9v\u00e9nements sur mesure (Arts furieux, As\u00bfles). En plus de tout cela, il passe des heures \u00e0 r\u00e9diger et mettre en forme des dossiers, arrange et compose de la musique sur des vieux synth\u00e9s en r\u00eavant de l&rsquo;entendre un jour sur de vrais instruments, joue de divers instruments et bricole un peu avec des c\u00e2bles en \u00e9coutant du Jazz.<\/p>\n<p>[\/et_pb_text][\/et_pb_column][\/et_pb_row][\/et_pb_section]<\/p>\n","protected":false},"excerpt":{"rendered":"<p>Jeu de soci\u00e9t\u00e9 d&rsquo;Axel Cornil &amp; Valentin Demarcin Collection D\u00e9ambulations chercheusesCliquez sur l&rsquo;image pour l&rsquo;agrandir180 minutes, 4 \u00e0 6 joueur\u00b7euses, \u00e2ge 14+ L\u2019L \u00e9ditions, avril 2021 Impression Picking Graphic\/WavreSi vous souhaitez jouer \u00e0 Un monde ni pire ni meilleur (le jeu), \u00e9tant donn\u00e9 le tirage limit\u00e9 d&rsquo;exemplaires existants, vous avez deux possibilit\u00e9s:- soit vous programmez [&hellip;]<\/p>\n","protected":false},"author":1,"featured_media":0,"parent":0,"menu_order":0,"comment_status":"closed","ping_status":"closed","template":"","meta":{"_et_pb_use_builder":"on","_et_pb_old_content":"","_et_gb_content_width":"","footnotes":""},"class_list":["post-293","page","type-page","status-publish","hentry"],"_links":{"self":[{"href":"https:\/\/www.lleditions.be\/index.php\/wp-json\/wp\/v2\/pages\/293","targetHints":{"allow":["GET"]}}],"collection":[{"href":"https:\/\/www.lleditions.be\/index.php\/wp-json\/wp\/v2\/pages"}],"about":[{"href":"https:\/\/www.lleditions.be\/index.php\/wp-json\/wp\/v2\/types\/page"}],"author":[{"embeddable":true,"href":"https:\/\/www.lleditions.be\/index.php\/wp-json\/wp\/v2\/users\/1"}],"replies":[{"embeddable":true,"href":"https:\/\/www.lleditions.be\/index.php\/wp-json\/wp\/v2\/comments?post=293"}],"version-history":[{"count":41,"href":"https:\/\/www.lleditions.be\/index.php\/wp-json\/wp\/v2\/pages\/293\/revisions"}],"predecessor-version":[{"id":2376,"href":"https:\/\/www.lleditions.be\/index.php\/wp-json\/wp\/v2\/pages\/293\/revisions\/2376"}],"wp:attachment":[{"href":"https:\/\/www.lleditions.be\/index.php\/wp-json\/wp\/v2\/media?parent=293"}],"curies":[{"name":"wp","href":"https:\/\/api.w.org\/{rel}","templated":true}]}}