{"id":279,"date":"2021-10-28T12:30:27","date_gmt":"2021-10-28T10:30:27","guid":{"rendered":"https:\/\/www.lleditions.be\/?page_id=279"},"modified":"2025-02-18T11:56:16","modified_gmt":"2025-02-18T10:56:16","slug":"a-propos","status":"publish","type":"page","link":"https:\/\/www.lleditions.be\/index.php\/a-propos\/","title":{"rendered":"\u00c0 propos"},"content":{"rendered":"<p>[et_pb_section fb_built=\u00a0\u00bb1&Prime; fullwidth=\u00a0\u00bbon\u00a0\u00bb _builder_version=\u00a0\u00bb4.27.4&Prime; _module_preset=\u00a0\u00bbdefault\u00a0\u00bb collapsed=\u00a0\u00bboff\u00a0\u00bb global_colors_info=\u00a0\u00bb{}\u00a0\u00bb][et_pb_fullwidth_image src=\u00a0\u00bbhttps:\/\/www.lleditions.be\/wp-content\/uploads\/2025\/02\/lignecouleur4-scaled.jpg\u00a0\u00bb title_text=\u00a0\u00bblignecouleur4&Prime; disabled_on=\u00a0\u00bbon|on|off\u00a0\u00bb _builder_version=\u00a0\u00bb4.27.4&Prime; _module_preset=\u00a0\u00bbdefault\u00a0\u00bb height=\u00a0\u00bb5px\u00a0\u00bb max_height=\u00a0\u00bb5px\u00a0\u00bb custom_margin=\u00a0\u00bb0px||0px||false|false\u00a0\u00bb custom_padding=\u00a0\u00bb0px||0px||false|false\u00a0\u00bb sticky_position=\u00a0\u00bbtop\u00a0\u00bb global_colors_info=\u00a0\u00bb{}\u00a0\u00bb][\/et_pb_fullwidth_image][et_pb_fullwidth_image src=\u00a0\u00bbhttps:\/\/www.lleditions.be\/wp-content\/uploads\/2025\/02\/lignecouleur2-scaled.jpg\u00a0\u00bb title_text=\u00a0\u00bblignecouleur2&Prime; disabled_on=\u00a0\u00bboff|off|on\u00a0\u00bb _builder_version=\u00a0\u00bb4.27.4&Prime; _module_preset=\u00a0\u00bbdefault\u00a0\u00bb height=\u00a0\u00bb5px\u00a0\u00bb max_height=\u00a0\u00bb5px\u00a0\u00bb custom_margin=\u00a0\u00bb0px||0px||false|false\u00a0\u00bb custom_padding=\u00a0\u00bb0px||0px||false|false\u00a0\u00bb global_colors_info=\u00a0\u00bb{}\u00a0\u00bb][\/et_pb_fullwidth_image][\/et_pb_section][et_pb_section fb_built=\u00a0\u00bb1&Prime; _builder_version=\u00a0\u00bb4.27.4&Prime; _module_preset=\u00a0\u00bbdefault\u00a0\u00bb background_image=\u00a0\u00bbhttps:\/\/www.lleditions.be\/wp-content\/uploads\/2025\/02\/nstaelFrise2-scaled.jpg\u00a0\u00bb min_height=\u00a0\u00bb149px\u00a0\u00bb height=\u00a0\u00bb149px\u00a0\u00bb collapsed=\u00a0\u00bboff\u00a0\u00bb global_colors_info=\u00a0\u00bb{}\u00a0\u00bb][et_pb_row _builder_version=\u00a0\u00bb4.27.4&Prime; _module_preset=\u00a0\u00bbdefault\u00a0\u00bb global_colors_info=\u00a0\u00bb{}\u00a0\u00bb][et_pb_column type=\u00a0\u00bb4_4&Prime; _builder_version=\u00a0\u00bb4.27.4&Prime; _module_preset=\u00a0\u00bbdefault\u00a0\u00bb global_colors_info=\u00a0\u00bb{}\u00a0\u00bb][et_pb_image _builder_version=\u00a0\u00bb4.27.4&Prime; _module_preset=\u00a0\u00bbdefault\u00a0\u00bb global_colors_info=\u00a0\u00bb{}\u00a0\u00bb][\/et_pb_image][\/et_pb_column][\/et_pb_row][\/et_pb_section][et_pb_section fb_built=\u00a0\u00bb1&Prime; _builder_version=\u00a0\u00bb4.16&Prime; _module_preset=\u00a0\u00bbdefault\u00a0\u00bb collapsed=\u00a0\u00bbon\u00a0\u00bb global_colors_info=\u00a0\u00bb{}\u00a0\u00bb][et_pb_row column_structure=\u00a0\u00bb1_2,1_2&Prime; _builder_version=\u00a0\u00bb4.16&Prime; _module_preset=\u00a0\u00bbdefault\u00a0\u00bb custom_margin=\u00a0\u00bb|auto|-57px|auto||\u00a0\u00bb global_colors_info=\u00a0\u00bb{}\u00a0\u00bb][et_pb_column type=\u00a0\u00bb1_2&Prime; _builder_version=\u00a0\u00bb4.16&Prime; _module_preset=\u00a0\u00bbdefault\u00a0\u00bb global_colors_info=\u00a0\u00bb{}\u00a0\u00bb][et_pb_text _builder_version=\u00a0\u00bb4.27.4&Prime; _module_preset=\u00a0\u00bbdefault\u00a0\u00bb text_text_color=\u00a0\u00bb#000000&Prime; text_font_size=\u00a0\u00bb24px\u00a0\u00bb locked=\u00a0\u00bboff\u00a0\u00bb global_colors_info=\u00a0\u00bb{}\u00a0\u00bb]<\/p>\n<p>\u00c0 propos<\/p>\n<p>[\/et_pb_text][et_pb_divider _builder_version=\u00a0\u00bb4.16&Prime; _module_preset=\u00a0\u00bbdefault\u00a0\u00bb custom_margin=\u00a0\u00bb0px||-1px||false|false\u00a0\u00bb custom_padding=\u00a0\u00bb||0px||false|false\u00a0\u00bb global_colors_info=\u00a0\u00bb{}\u00a0\u00bb][\/et_pb_divider][et_pb_text _builder_version=\u00a0\u00bb4.27.4&Prime; _module_preset=\u00a0\u00bbdefault\u00a0\u00bb text_font=\u00a0\u00bb||||||||\u00a0\u00bb text_font_size=\u00a0\u00bb16px\u00a0\u00bb global_colors_info=\u00a0\u00bb{}\u00a0\u00bb]<\/p>\n<p>Depuis ses d\u00e9buts en 1990, <a href=\"https:\/\/www.llrecherche.be\/project\/artistes-chercheurs3\/\" target=\"_blank\" rel=\"noopener\"><em>L\u2019L | chercher autrement en arts vivants<\/em><\/a>, structure culturelle bas\u00e9e \u00e0 Bruxelles, encourage des mani\u00e8res autres de travailler \u00e0 partir des arts vivants: apprendre en cherchant et chercher en apprenant se conjuguent pour privil\u00e9gier la n\u00e9cessit\u00e9 d\u2019une recherche en tant que telle, dans une acception pleinement d\u00e9tach\u00e9e de tout enjeu de production sc\u00e9nique.<\/p>\n<p>[\/et_pb_text][et_pb_text _builder_version=\u00a0\u00bb4.24.0&Prime; _module_preset=\u00a0\u00bbdefault\u00a0\u00bb text_font=\u00a0\u00bbBaskervville||||||||\u00a0\u00bb text_font_size=\u00a0\u00bb16px\u00a0\u00bb global_colors_info=\u00a0\u00bb{}\u00a0\u00bb][\/et_pb_text][\/et_pb_column][et_pb_column type=\u00a0\u00bb1_2&Prime; _builder_version=\u00a0\u00bb4.16&Prime; _module_preset=\u00a0\u00bbdefault\u00a0\u00bb global_colors_info=\u00a0\u00bb{}\u00a0\u00bb][et_pb_text _builder_version=\u00a0\u00bb4.24.0&Prime; _module_preset=\u00a0\u00bbdefault\u00a0\u00bb text_font=\u00a0\u00bbBaskervville||||||||\u00a0\u00bb text_font_size=\u00a0\u00bb16px\u00a0\u00bb custom_margin=\u00a0\u00bb77px|||||\u00a0\u00bb global_colors_info=\u00a0\u00bb{}\u00a0\u00bb]<\/p>\n<p>Fin 2019, Mich\u00e8le Braconnier et Pierre Boitte souhaitent mieux faire valoir ce que recouvre une pratique de recherche avec L\u2019L. Dans une perspective de partage pollinisateur, une structure propre \u2013 L\u2019L \u00e9ditions asbl \u2013 est cr\u00e9\u00e9e pour diss\u00e9miner les effets de telles exp\u00e9rimentations et tisser progressivement ce qui importe dans le d\u00e9ploiement de ces trajectoires chercheuses et connaissantes.<\/p>\n<p>Les publications de <em>L\u2019L \u00e9ditions<\/em> concernent des mat\u00e9riaux obtenus par des recherches men\u00e9es \u00e0 L\u2019L, ou des textes qui s\u2019ancrent dans l\u2019activit\u00e9 de L\u2019L et sont en lien avec elle.<\/p>\n<p>Une attention particuli\u00e8re est apport\u00e9e \u00e0 la forme livresque consid\u00e9r\u00e9e comme un objet digne d\u2019int\u00e9r\u00eat, tant dans sa capacit\u00e9 \u00e0 transmettre un contenu chaque fois in\u00e9dit que dans le processus de fabrication qui aboutit \u00e0 un objet unique \u2013 dans sa forme et sa texture.<\/p>\n<p>[\/et_pb_text][et_pb_text _builder_version=\u00a0\u00bb4.24.0&Prime; _module_preset=\u00a0\u00bbdefault\u00a0\u00bb text_font=\u00a0\u00bbBaskervville||||||||\u00a0\u00bb text_font_size=\u00a0\u00bb16px\u00a0\u00bb custom_margin=\u00a0\u00bb77px|||||\u00a0\u00bb global_colors_info=\u00a0\u00bb{}\u00a0\u00bb][\/et_pb_text][\/et_pb_column][\/et_pb_row][et_pb_row _builder_version=\u00a0\u00bb4.16&Prime; _module_preset=\u00a0\u00bbdefault\u00a0\u00bb min_height=\u00a0\u00bb100.8px\u00a0\u00bb global_colors_info=\u00a0\u00bb{}\u00a0\u00bb][et_pb_column type=\u00a0\u00bb4_4&Prime; _builder_version=\u00a0\u00bb4.16&Prime; _module_preset=\u00a0\u00bbdefault\u00a0\u00bb global_colors_info=\u00a0\u00bb{}\u00a0\u00bb][et_pb_divider _builder_version=\u00a0\u00bb4.16&Prime; _module_preset=\u00a0\u00bbdefault\u00a0\u00bb global_colors_info=\u00a0\u00bb{}\u00a0\u00bb][\/et_pb_divider][\/et_pb_column][\/et_pb_row][et_pb_row column_structure=\u00a0\u00bb1_2,1_2&Prime; _builder_version=\u00a0\u00bb4.16&Prime; _module_preset=\u00a0\u00bbdefault\u00a0\u00bb global_colors_info=\u00a0\u00bb{}\u00a0\u00bb][et_pb_column type=\u00a0\u00bb1_2&Prime; _builder_version=\u00a0\u00bb4.16&Prime; _module_preset=\u00a0\u00bbdefault\u00a0\u00bb global_colors_info=\u00a0\u00bb{}\u00a0\u00bb][et_pb_text _builder_version=\u00a0\u00bb4.27.4&Prime; _module_preset=\u00a0\u00bbdefault\u00a0\u00bb text_font=\u00a0\u00bbBaskervville||||||||\u00a0\u00bb text_font_size=\u00a0\u00bb16px\u00a0\u00bb hover_enabled=\u00a0\u00bb0&Prime; global_colors_info=\u00a0\u00bb{}\u00a0\u00bb sticky_enabled=\u00a0\u00bb0&Prime;]<\/p>\n<p class=\"p1\"><span class=\"s1\"><span class='et-dropcap' style=\"font-size: 80px; color: #000000;\">Q<\/span><span class=\"s1\"><\/span>u<\/span>atre collections propagent ainsi les effets \u2013 exp\u00e9rimentaux, conceptuels ou cr\u00e9atifs \u2013 de certaines pratiques de recherche:<\/p>\n<p class=\"p1\"><em>\u2022 D\u00e9ambulations chercheuses<\/em><br \/>Cette collection donne l\u2019occasion \u00e0 certains trajets exp\u00e9rimentaux qui se sont d\u00e9ploy\u00e9s dans l\u2019espace-temps de L\u2019L de faire conna\u00eetre leurs effets en partie.<\/p>\n<p>[\/et_pb_text][et_pb_text _builder_version=\u00a0\u00bb4.27.4&Prime; _module_preset=\u00a0\u00bbdefault\u00a0\u00bb text_font=\u00a0\u00bbBaskervville||||||||\u00a0\u00bb text_font_size=\u00a0\u00bb16px\u00a0\u00bb global_colors_info=\u00a0\u00bb{}\u00a0\u00bb]<\/p>\n<p class=\"p1\"><em>\u2022 Questions ouvertes<\/em><br \/>Cette collection se relie aux pratiques de L\u2019L comme \u00e0 une sorte d\u2019humus o\u00f9 germent enjeux, id\u00e9es, questions, afin de contribuer \u00e0 leur d\u00e9ploiement. Avec la perspective que ces \u00e9laborations conceptuelles et m\u00e9thodologiques, obtenues depuis l\u2019aventure de L\u2019L, servent de compost pour nourrir en retour les sp\u00e9culations exp\u00e9rimentales de praticien\u00b7nes, apprenant progressivement \u00e0 penser par, gr\u00e2ce \u00e0 et avec les autres.<\/p>\n<p>[\/et_pb_text][\/et_pb_column][et_pb_column type=\u00a0\u00bb1_2&Prime; _builder_version=\u00a0\u00bb4.16&Prime; _module_preset=\u00a0\u00bbdefault\u00a0\u00bb global_colors_info=\u00a0\u00bb{}\u00a0\u00bb][et_pb_text _builder_version=\u00a0\u00bb4.27.4&Prime; _module_preset=\u00a0\u00bbdefault\u00a0\u00bb text_font=\u00a0\u00bbBaskervville||||||||\u00a0\u00bb text_font_size=\u00a0\u00bb16px\u00a0\u00bb global_colors_info=\u00a0\u00bb{}\u00a0\u00bb]<\/p>\n<p class=\"p1\"><em>\u2022 Traces de recherches<br \/><\/em>Cette collection vise \u00e0 mieux faire conna\u00eetre la brass\u00e9e de formes vari\u00e9es et h\u00e9t\u00e9rog\u00e8nes \u00e9manant de recherches avec L\u2019L. Chacune de ces <em>Traces <\/em>prend une question de recherche \u00e0 bras le corps, tente de saisir le processus \u00e0 l\u2019\u0153uvre et de faire voir son mouvement fragile, incertain, changeant vers des tentatives de r\u00e9ponses. La mat\u00e9rialit\u00e9 d\u2019opuscules \u2013 moins que des livres, plus que des tracts \u2013 autorise un acc\u00e8s large, maniable, souple et ais\u00e9 \u00e0 ces propositions.<\/p>\n<p>[\/et_pb_text][et_pb_text _builder_version=\u00a0\u00bb4.27.4&Prime; _module_preset=\u00a0\u00bbdefault\u00a0\u00bb text_font=\u00a0\u00bbBaskervville||||||||\u00a0\u00bb text_font_size=\u00a0\u00bb16px\u00a0\u00bb global_colors_info=\u00a0\u00bb{}\u00a0\u00bb]<\/p>\n<p class=\"p1\"><em>\u2022 Voies cr\u00e9atives<br \/><\/em>Cette collection s\u2019ouvre au devenir cr\u00e9atif de certaines recherches men\u00e9es \u00e0\u00a0L\u2019L. En effet, il arrive que des r\u00e9sident\u00b7es-chercheur\u00b7es, apr\u00e8s avoir quitt\u00e9 L\u2019L, prolongent leur questionnement de mani\u00e8re autonome et aboutissent \u00e0 la cr\u00e9ation d\u2019une \u0153uvre.<\/p>\n<p>[\/et_pb_text][et_pb_button button_url=\u00a0\u00bbhttps:\/\/www.lleditions.be\/index.php\/librairie\/\u00a0\u00bb button_text=\u00a0\u00bbVoir nos parutions\u00a0\u00bb _builder_version=\u00a0\u00bb4.16&Prime; _module_preset=\u00a0\u00bbdefault\u00a0\u00bb custom_button=\u00a0\u00bbon\u00a0\u00bb button_text_color=\u00a0\u00bb#14213D\u00a0\u00bb button_bg_color=\u00a0\u00bbRGBA(255,255,255,0)\u00a0\u00bb button_icon=\u00a0\u00bb&#x3d;||divi||400&Prime; button_icon_color=\u00a0\u00bb#FCA311&Prime; button_on_hover=\u00a0\u00bboff\u00a0\u00bb custom_margin=\u00a0\u00bb0px||||false|false\u00a0\u00bb global_colors_info=\u00a0\u00bb{}\u00a0\u00bb button_text_color__hover=\u00a0\u00bb#FCA311&Prime; button_text_color__hover_enabled=\u00a0\u00bbon|hover\u00a0\u00bb][\/et_pb_button][\/et_pb_column][\/et_pb_row][\/et_pb_section]<\/p>\n","protected":false},"excerpt":{"rendered":"<p>\u00c0 proposDepuis ses d\u00e9buts en 1990, L\u2019L | chercher autrement en arts vivants, structure culturelle bas\u00e9e \u00e0 Bruxelles, encourage des mani\u00e8res autres de travailler \u00e0 partir des arts vivants: apprendre en cherchant et chercher en apprenant se conjuguent pour privil\u00e9gier la n\u00e9cessit\u00e9 d\u2019une recherche en tant que telle, dans une acception pleinement d\u00e9tach\u00e9e de tout [&hellip;]<\/p>\n","protected":false},"author":1,"featured_media":0,"parent":0,"menu_order":0,"comment_status":"closed","ping_status":"closed","template":"","meta":{"_et_pb_use_builder":"on","_et_pb_old_content":"","_et_gb_content_width":"","footnotes":""},"class_list":["post-279","page","type-page","status-publish","hentry"],"_links":{"self":[{"href":"https:\/\/www.lleditions.be\/index.php\/wp-json\/wp\/v2\/pages\/279","targetHints":{"allow":["GET"]}}],"collection":[{"href":"https:\/\/www.lleditions.be\/index.php\/wp-json\/wp\/v2\/pages"}],"about":[{"href":"https:\/\/www.lleditions.be\/index.php\/wp-json\/wp\/v2\/types\/page"}],"author":[{"embeddable":true,"href":"https:\/\/www.lleditions.be\/index.php\/wp-json\/wp\/v2\/users\/1"}],"replies":[{"embeddable":true,"href":"https:\/\/www.lleditions.be\/index.php\/wp-json\/wp\/v2\/comments?post=279"}],"version-history":[{"count":70,"href":"https:\/\/www.lleditions.be\/index.php\/wp-json\/wp\/v2\/pages\/279\/revisions"}],"predecessor-version":[{"id":2322,"href":"https:\/\/www.lleditions.be\/index.php\/wp-json\/wp\/v2\/pages\/279\/revisions\/2322"}],"wp:attachment":[{"href":"https:\/\/www.lleditions.be\/index.php\/wp-json\/wp\/v2\/media?parent=279"}],"curies":[{"name":"wp","href":"https:\/\/api.w.org\/{rel}","templated":true}]}}